{"id":8847,"date":"2025-02-14T15:20:51","date_gmt":"2025-02-14T14:20:51","guid":{"rendered":"https:\/\/tin-tonton.com\/shop\/sin%20categor\u00eda\/lisboabynachoeguia\/"},"modified":"2025-02-14T15:24:06","modified_gmt":"2025-02-14T14:24:06","slug":"lisboabynachoeguia","status":"publish","type":"product","link":"https:\/\/tin-tonton.com\/es\/shop\/partituras\/catalogo\/compositores\/nacho-eguia-es\/lisboabynachoeguia\/","title":{"rendered":"Lisboa by Nacho Egu\u00eda &#8211; for Guitar"},"content":{"rendered":"<p>\u00abLisboa\u00bb es una obra del destacado compositor argentino Nacho Egu\u00eda. Esta pieza, creada con delicadeza y maestr\u00eda, est\u00e1 dedicada a los compositores y guitarristas Ender \u00a0Vielma de Venezuela y Renaud C\u00f4t\u00e9-Gigu\u00e8re de Canad\u00e1. \u00abLisboa\u00bb invita al int\u00e9rprete y al oyente a un viaje musical por las calles de la capital portuguesa, capturando su esencia y atm\u00f3sfera \u00fanica.<\/p>\n<p>Duraci\u00f3n de la obra: 3\u00b452<\/p>\n<p>N\u00famero de p\u00e1ginas: 8<\/p>\n","protected":false},"excerpt":{"rendered":"<p>\u00abLisboa\u00bb es una obra del destacado compositor argentino Nacho Egu\u00eda. Esta pieza, creada con delicadeza y maestr\u00eda, est\u00e1 dedicada a los compositores y guitarristas Ender \u00a0Vielma de Venezuela y Renaud C\u00f4t\u00e9-Gigu\u00e8re de Canad\u00e1. \u00abLisboa\u00bb invita al int\u00e9rprete y al oyente a un viaje musical por las calles de la capital portuguesa, capturando su esencia y [&hellip;]<\/p>\n","protected":false},"featured_media":8843,"template":"","meta":[],"product_brand":[],"product_cat":[824,200,203,218,239,170,188,251],"product_tag":[],"class_list":{"0":"post-8847","1":"product","2":"type-product","3":"status-publish","4":"has-post-thumbnail","6":"product_cat-nacho-eguia-es","7":"product_cat-partituras","8":"product_cat-genero","9":"product_cat-latinoamericana","10":"product_cat-pulso-y-pua","11":"product_cat-instrumento","12":"product_cat-guitarra","13":"product_cat-compositores","15":"first","16":"instock","17":"shipping-taxable","18":"purchasable","19":"product-type-variable"},"_links":{"self":[{"href":"https:\/\/tin-tonton.com\/es\/wp-json\/wp\/v2\/product\/8847","targetHints":{"allow":["GET"]}}],"collection":[{"href":"https:\/\/tin-tonton.com\/es\/wp-json\/wp\/v2\/product"}],"about":[{"href":"https:\/\/tin-tonton.com\/es\/wp-json\/wp\/v2\/types\/product"}],"version-history":[{"count":2,"href":"https:\/\/tin-tonton.com\/es\/wp-json\/wp\/v2\/product\/8847\/revisions"}],"predecessor-version":[{"id":8851,"href":"https:\/\/tin-tonton.com\/es\/wp-json\/wp\/v2\/product\/8847\/revisions\/8851"}],"wp:featuredmedia":[{"embeddable":true,"href":"https:\/\/tin-tonton.com\/es\/wp-json\/wp\/v2\/media\/8843"}],"wp:attachment":[{"href":"https:\/\/tin-tonton.com\/es\/wp-json\/wp\/v2\/media?parent=8847"}],"wp:term":[{"taxonomy":"product_brand","embeddable":true,"href":"https:\/\/tin-tonton.com\/es\/wp-json\/wp\/v2\/product_brand?post=8847"},{"taxonomy":"product_cat","embeddable":true,"href":"https:\/\/tin-tonton.com\/es\/wp-json\/wp\/v2\/product_cat?post=8847"},{"taxonomy":"product_tag","embeddable":true,"href":"https:\/\/tin-tonton.com\/es\/wp-json\/wp\/v2\/product_tag?post=8847"}],"curies":[{"name":"wp","href":"https:\/\/api.w.org\/{rel}","templated":true}]}}