{"id":8369,"date":"2023-01-15T18:24:25","date_gmt":"2023-01-15T17:24:25","guid":{"rendered":"https:\/\/tin-tonton.com\/shop\/sin%20categor\u00eda\/buenos-aires-de-mi-pais-fuer-klassische-gitarre-juan-pablo-esmok-lew\/"},"modified":"2023-01-15T18:27:19","modified_gmt":"2023-01-15T17:27:19","slug":"buenos-aires-de-mi-pais-fuer-klassische-gitarre-juan-pablo-esmok-lew","status":"publish","type":"product","link":"https:\/\/tin-tonton.com\/es\/shop\/partituras\/catalogo\/compositores\/buenos-aires-de-mi-pais-fuer-klassische-gitarre-juan-pablo-esmok-lew\/","title":{"rendered":"Buenos Aires de mi pa\u00eds &#8211; para Guitarra Cl\u00e1sica &#8211; Juan Pablo Esmok Lew"},"content":{"rendered":"<p>Buenos Aires de mi pa\u00eds &#8211; para Guitarra Cl\u00e1sica &#8211; Juan Pablo Esmok Lew<\/p>\n<p>S\u00e4tze:<\/p>\n<p>I.-Buenos Aires de Malambo<span class=\"Apple-converted-space\">\u00a0<\/span><\/p>\n<p><iframe title=\"Spotify Embed: Buenos Aires de Malambo\" style=\"border-radius: 12px\" width=\"100%\" height=\"152\" frameborder=\"0\" allowfullscreen allow=\"autoplay; clipboard-write; encrypted-media; fullscreen; picture-in-picture\" loading=\"lazy\" src=\"https:\/\/open.spotify.com\/embed\/track\/27gXUATo0JNDHvVdZ1o2nL?si=t2hZmMLoSRaidjtq-cGNAg&#038;utm_source=oembed\"><\/iframe><\/p>\n<p>&nbsp;<\/p>\n<p>II.-Buenos Aires de Chacarera<span class=\"Apple-converted-space\">\u00a0<\/span><\/p>\n<p><iframe title=\"Spotify Embed: Buenos Aires de Chacarera\" style=\"border-radius: 12px\" width=\"100%\" height=\"152\" frameborder=\"0\" allowfullscreen allow=\"autoplay; clipboard-write; encrypted-media; fullscreen; picture-in-picture\" loading=\"lazy\" src=\"https:\/\/open.spotify.com\/embed\/track\/32fxdkCHA865Dubv05Y3xS?si=4BXED2aGQRyyKyvxwyI8dQ&#038;utm_source=oembed\"><\/iframe><\/p>\n<p>III.-Buenos Aires de Litoral<\/p>\n<p><iframe title=\"Spotify Embed: Buenos Aires del Litoral\" style=\"border-radius: 12px\" width=\"100%\" height=\"152\" frameborder=\"0\" allowfullscreen allow=\"autoplay; clipboard-write; encrypted-media; fullscreen; picture-in-picture\" loading=\"lazy\" src=\"https:\/\/open.spotify.com\/embed\/track\/2hzVHf8qX2nIuiFBKBY4ie?si=1MtCw930Ramn0aIsTWuMmg&#038;utm_source=oembed\"><\/iframe><\/p>\n<p>&nbsp;<\/p>\n<p>&nbsp;<\/p>\n","protected":false},"excerpt":{"rendered":"<p>Buenos Aires de mi pa\u00eds &#8211; para Guitarra Cl\u00e1sica &#8211; Juan Pablo Esmok Lew S\u00e4tze: I.-Buenos Aires de Malambo\u00a0 &nbsp; II.-Buenos Aires de Chacarera\u00a0 III.-Buenos Aires de Litoral &nbsp; &nbsp;<\/p>\n","protected":false},"featured_media":8359,"template":"","meta":[],"product_brand":[],"product_cat":[200,203,215,218,170,188,242,251],"product_tag":[766,868],"class_list":{"0":"post-8369","1":"product","2":"type-product","3":"status-publish","4":"has-post-thumbnail","6":"product_cat-partituras","7":"product_cat-genero","8":"product_cat-musica-de-camara","9":"product_cat-latinoamericana","10":"product_cat-instrumento","11":"product_cat-guitarra","12":"product_cat-catalogo","13":"product_cat-compositores","14":"product_tag-gitarre-es","15":"product_tag-juan-pablo-esmok-lew-es","17":"first","18":"instock","19":"shipping-taxable","20":"purchasable","21":"product-type-simple"},"_links":{"self":[{"href":"https:\/\/tin-tonton.com\/es\/wp-json\/wp\/v2\/product\/8369","targetHints":{"allow":["GET"]}}],"collection":[{"href":"https:\/\/tin-tonton.com\/es\/wp-json\/wp\/v2\/product"}],"about":[{"href":"https:\/\/tin-tonton.com\/es\/wp-json\/wp\/v2\/types\/product"}],"version-history":[{"count":1,"href":"https:\/\/tin-tonton.com\/es\/wp-json\/wp\/v2\/product\/8369\/revisions"}],"predecessor-version":[{"id":8370,"href":"https:\/\/tin-tonton.com\/es\/wp-json\/wp\/v2\/product\/8369\/revisions\/8370"}],"wp:featuredmedia":[{"embeddable":true,"href":"https:\/\/tin-tonton.com\/es\/wp-json\/wp\/v2\/media\/8359"}],"wp:attachment":[{"href":"https:\/\/tin-tonton.com\/es\/wp-json\/wp\/v2\/media?parent=8369"}],"wp:term":[{"taxonomy":"product_brand","embeddable":true,"href":"https:\/\/tin-tonton.com\/es\/wp-json\/wp\/v2\/product_brand?post=8369"},{"taxonomy":"product_cat","embeddable":true,"href":"https:\/\/tin-tonton.com\/es\/wp-json\/wp\/v2\/product_cat?post=8369"},{"taxonomy":"product_tag","embeddable":true,"href":"https:\/\/tin-tonton.com\/es\/wp-json\/wp\/v2\/product_tag?post=8369"}],"curies":[{"name":"wp","href":"https:\/\/api.w.org\/{rel}","templated":true}]}}