{"id":8340,"date":"2022-10-07T16:06:06","date_gmt":"2022-10-07T14:06:06","guid":{"rendered":"https:\/\/tin-tonton.com\/shop\/sin%20categor\u00eda\/diptico-para-dos-genios-fuer-gitarre-jonnathan-el-barouki\/"},"modified":"2022-10-07T16:10:25","modified_gmt":"2022-10-07T14:10:25","slug":"diptico-para-dos-genios-fuer-gitarre-jonnathan-el-barouki","status":"publish","type":"product","link":"https:\/\/tin-tonton.com\/es\/shop\/partituras\/catalogo\/compositores\/jonnathan-el-barouki-es\/diptico-para-dos-genios-fuer-gitarre-jonnathan-el-barouki\/","title":{"rendered":"D\u00edptico para dos genios &#8211; para Guitarra &#8211; Jonnathan el Barouki"},"content":{"rendered":"<p>D\u00edptico para dos genios &#8211; f\u00fcr Gitarre &#8211; Jonnathan el Barouki<\/p>\n<p>S\u00e4tze:<\/p>\n<p>I.- El Mago de Andaluc\u00eda<\/p>\n<p>II.- Honor y Gloria<\/p>\n<p><b>JONNATHAN EL BAROUKI LUNCZ<\/b><\/p>\n<p>JONNATHAN EL BAROUKI LUNCZ realiz\u00f3 su formaci\u00f3n acad\u00e9mica en Venezuela.<\/p>\n<p>Creador de la metodolog\u00eda SOY GUITARRISTA. Es PhD en Ciencias de la Educaci\u00f3n con Postdoctorado en Investigaci\u00f3n por la Universidad Bicentenaria de Aragua. Docente titulado por la Universidad Pedag\u00f3gica Experimental Libertador. Mag\u00edster en M\u00fasica menci\u00f3n Ejecuci\u00f3n Instrumental por la Universidad Sim\u00f3n Bol\u00edvar. Adem\u00e1s, es el primer guitarrista cl\u00e1sico titulado por la Escuela de M\u00fasica Federico Villena.<\/p>\n<p>Su obra como compositor ha sido ejecutada por distintas orquestas e int\u00e9rpretes. Tiene en su cat\u00e1logo varias obras para guitarra y dos conciertos para guitarra y orquesta. En 2017 public\u00f3 sus Estudios Postonales para guitarra, cuyo trabajo ha obtenido un importante reconocimiento de distintas universidades, int\u00e9rpretes y compositores.<\/p>\n<p>Como docente, form\u00f3 parte del cuerpo de profesores de la Maestr\u00eda en M\u00fasica en la Universidad Sim\u00f3n Bol\u00edvar de Venezuela. Tambi\u00e9n fue profesor del Conservatorio de M\u00fasica del Estado Aragua. Ha formado parte de tribunales en concursos nacionales e internacionales. Tiene en su portafolio como productor e investigador distintos documentales, festivales, producciones discogr\u00e1ficas y publicaciones cient\u00edficas. Como int\u00e9rprete, ha tenido un importante recorrido por distintos pa\u00edses de Am\u00e9rica Latina y Europa. Tambi\u00e9n ha sido premiado en diversas competiciones guitarr\u00edsticas. Es el Presidente fundador de la Asociaci\u00f3n Guitarr\u00edstica de Madrid y Presidente del Festival Internacional de la Guitarra de Espa\u00f1a. Miembro de la Asociaci\u00f3n de Compositores de Madrid y de la Sociedad General de Autores y Compositores de Espa\u00f1a.<\/p>\n<p>&nbsp;<\/p>\n<!--[if lt IE 9]><script>document.createElement('audio');<\/script><![endif]-->\n<audio class=\"wp-audio-shortcode\" id=\"audio-8340-1\" preload=\"none\" style=\"width: 100%;\" controls=\"controls\"><source type=\"audio\/mpeg\" src=\"https:\/\/tin-tonton.com\/wp-content\/uploads\/2022\/10\/Honor-y-Gloria.mp3?_=1\" \/><a href=\"https:\/\/tin-tonton.com\/wp-content\/uploads\/2022\/10\/Honor-y-Gloria.mp3\">https:\/\/tin-tonton.com\/wp-content\/uploads\/2022\/10\/Honor-y-Gloria.mp3<\/a><\/audio>\n","protected":false},"excerpt":{"rendered":"<p>D\u00edptico para dos genios &#8211; f\u00fcr Gitarre &#8211; Jonnathan el Barouki S\u00e4tze: I.- El Mago de Andaluc\u00eda II.- Honor y Gloria JONNATHAN EL BAROUKI LUNCZ JONNATHAN EL BAROUKI LUNCZ realiz\u00f3 su formaci\u00f3n acad\u00e9mica en Venezuela. Creador de la metodolog\u00eda SOY GUITARRISTA. Es PhD en Ciencias de la Educaci\u00f3n con Postdoctorado en Investigaci\u00f3n por la Universidad [&hellip;]<\/p>\n","protected":false},"featured_media":8334,"template":"","meta":[],"product_brand":[],"product_cat":[864,200,203,218,221,239,170,188,242,251],"product_tag":[766,840],"class_list":{"0":"post-8340","1":"product","2":"type-product","3":"status-publish","4":"has-post-thumbnail","6":"product_cat-jonnathan-el-barouki-es","7":"product_cat-partituras","8":"product_cat-genero","9":"product_cat-latinoamericana","10":"product_cat-musica-contemporanea","11":"product_cat-pulso-y-pua","12":"product_cat-instrumento","13":"product_cat-guitarra","14":"product_cat-catalogo","15":"product_cat-compositores","16":"product_tag-gitarre-es","17":"product_tag-neue-musik-es","19":"first","20":"instock","21":"shipping-taxable","22":"purchasable","23":"product-type-simple"},"_links":{"self":[{"href":"https:\/\/tin-tonton.com\/es\/wp-json\/wp\/v2\/product\/8340","targetHints":{"allow":["GET"]}}],"collection":[{"href":"https:\/\/tin-tonton.com\/es\/wp-json\/wp\/v2\/product"}],"about":[{"href":"https:\/\/tin-tonton.com\/es\/wp-json\/wp\/v2\/types\/product"}],"version-history":[{"count":2,"href":"https:\/\/tin-tonton.com\/es\/wp-json\/wp\/v2\/product\/8340\/revisions"}],"predecessor-version":[{"id":8343,"href":"https:\/\/tin-tonton.com\/es\/wp-json\/wp\/v2\/product\/8340\/revisions\/8343"}],"wp:featuredmedia":[{"embeddable":true,"href":"https:\/\/tin-tonton.com\/es\/wp-json\/wp\/v2\/media\/8334"}],"wp:attachment":[{"href":"https:\/\/tin-tonton.com\/es\/wp-json\/wp\/v2\/media?parent=8340"}],"wp:term":[{"taxonomy":"product_brand","embeddable":true,"href":"https:\/\/tin-tonton.com\/es\/wp-json\/wp\/v2\/product_brand?post=8340"},{"taxonomy":"product_cat","embeddable":true,"href":"https:\/\/tin-tonton.com\/es\/wp-json\/wp\/v2\/product_cat?post=8340"},{"taxonomy":"product_tag","embeddable":true,"href":"https:\/\/tin-tonton.com\/es\/wp-json\/wp\/v2\/product_tag?post=8340"}],"curies":[{"name":"wp","href":"https:\/\/api.w.org\/{rel}","templated":true}]}}