{"id":8185,"date":"2022-04-14T13:57:53","date_gmt":"2022-04-14T11:57:53","guid":{"rendered":"https:\/\/tin-tonton.com\/shop\/sin%20categor\u00eda\/tres-piezas-venezolanas-fuer-gitarre-cesar-rico\/"},"modified":"2022-04-15T15:00:34","modified_gmt":"2022-04-15T13:00:34","slug":"tres-piezas-venezolanas-fuer-gitarre-cesar-rico","status":"publish","type":"product","link":"https:\/\/tin-tonton.com\/es\/shop\/partituras\/catalogo\/compositores\/cesar-rico-es\/tres-piezas-venezolanas-fuer-gitarre-cesar-rico\/","title":{"rendered":"Tres piezas venezolanas &#8211; f\u00fcr Gitarre &#8211; C\u00e9sar Rico"},"content":{"rendered":"<p>Tres piezas venezolanas &#8211; f\u00fcr Gitarre &#8211; C\u00e9sar Rico<\/p>\n<p>St\u00fccke:<\/p>\n<p>1.-Orinoco<\/p>\n<p>2.- Palmarito<\/p>\n<p>3.- Siempre \u00c1vila<\/p>\n<p><iframe title=\"Orinoco   f\u00fcr Gitarre   Cesar Rico\" width=\"980\" height=\"551\" src=\"https:\/\/www.youtube.com\/embed\/rNFFv7VM6Mo?feature=oembed\" frameborder=\"0\" allow=\"accelerometer; autoplay; clipboard-write; encrypted-media; gyroscope; picture-in-picture\" allowfullscreen><\/iframe><\/p>\n<p>&nbsp;<\/p>\n<p>&nbsp;<\/p>\n","protected":false},"excerpt":{"rendered":"<p>Tres piezas venezolanas &#8211; f\u00fcr Gitarre &#8211; C\u00e9sar Rico St\u00fccke: 1.-Orinoco 2.- Palmarito 3.- Siempre \u00c1vila &nbsp; &nbsp;<\/p>\n","protected":false},"featured_media":7558,"template":"","meta":[],"product_brand":[],"product_cat":[856,200,203,218,170,188,242,251],"product_tag":[857,858],"class_list":{"0":"post-8185","1":"product","2":"type-product","3":"status-publish","4":"has-post-thumbnail","6":"product_cat-cesar-rico-es","7":"product_cat-partituras","8":"product_cat-genero","9":"product_cat-latinoamericana","10":"product_cat-instrumento","11":"product_cat-guitarra","12":"product_cat-catalogo","13":"product_cat-compositores","14":"product_tag-cesar-rico-es","15":"product_tag-guitarra-2-es","17":"first","18":"instock","19":"shipping-taxable","20":"purchasable","21":"product-type-variable"},"_links":{"self":[{"href":"https:\/\/tin-tonton.com\/es\/wp-json\/wp\/v2\/product\/8185","targetHints":{"allow":["GET"]}}],"collection":[{"href":"https:\/\/tin-tonton.com\/es\/wp-json\/wp\/v2\/product"}],"about":[{"href":"https:\/\/tin-tonton.com\/es\/wp-json\/wp\/v2\/types\/product"}],"version-history":[{"count":4,"href":"https:\/\/tin-tonton.com\/es\/wp-json\/wp\/v2\/product\/8185\/revisions"}],"predecessor-version":[{"id":8251,"href":"https:\/\/tin-tonton.com\/es\/wp-json\/wp\/v2\/product\/8185\/revisions\/8251"}],"wp:featuredmedia":[{"embeddable":true,"href":"https:\/\/tin-tonton.com\/es\/wp-json\/wp\/v2\/media\/7558"}],"wp:attachment":[{"href":"https:\/\/tin-tonton.com\/es\/wp-json\/wp\/v2\/media?parent=8185"}],"wp:term":[{"taxonomy":"product_brand","embeddable":true,"href":"https:\/\/tin-tonton.com\/es\/wp-json\/wp\/v2\/product_brand?post=8185"},{"taxonomy":"product_cat","embeddable":true,"href":"https:\/\/tin-tonton.com\/es\/wp-json\/wp\/v2\/product_cat?post=8185"},{"taxonomy":"product_tag","embeddable":true,"href":"https:\/\/tin-tonton.com\/es\/wp-json\/wp\/v2\/product_tag?post=8185"}],"curies":[{"name":"wp","href":"https:\/\/api.w.org\/{rel}","templated":true}]}}