{"id":8100,"date":"2022-04-14T12:42:45","date_gmt":"2022-04-14T10:42:45","guid":{"rendered":"https:\/\/tin-tonton.com\/shop\/sin%20categor\u00eda\/poro-jo-fuer-mandoline-und-gitarre-ender-vielma\/"},"modified":"2022-04-14T12:53:15","modified_gmt":"2022-04-14T10:53:15","slug":"poro-jo-fuer-mandoline-und-gitarre-ender-vielma","status":"publish","type":"product","link":"https:\/\/tin-tonton.com\/es\/shop\/partituras\/catalogo\/compositores\/ender-vielma-es\/poro-jo-fuer-mandoline-und-gitarre-ender-vielma\/","title":{"rendered":"Poro Jo &#8211; para Mandolina y Guitarra &#8211; Ender Vielma"},"content":{"rendered":"<p>Poro Jo &#8211; para Mandolina y Guitarra &#8211; Ender Vielma<\/p>\n<p>Instrumentaci\u00f3n: Guitarra y Mandolina<\/p>\n<p>Nr. de p\u00e1ginas- <strong>Partitura:<\/strong> \u00a016 (Incl. Portada, Bio, cat\u00e1logo), <strong>Partes:<\/strong> Mandolina 8 P\u00e1ginas + mandolina 7 P\u00e1ginas<\/p>\n","protected":false},"excerpt":{"rendered":"<p>Poro Jo &#8211; para Mandolina y Guitarra &#8211; Ender Vielma Instrumentaci\u00f3n: Guitarra y Mandolina Nr. de p\u00e1ginas- Partitura: \u00a016 (Incl. Portada, Bio, cat\u00e1logo), Partes: Mandolina 8 P\u00e1ginas + mandolina 7 P\u00e1ginas<\/p>\n","protected":false},"featured_media":7534,"template":"","meta":[],"product_brand":[],"product_cat":[834,200,203,215,221,170,188,197,242,251],"product_tag":[839,840],"class_list":{"0":"post-8100","1":"product","2":"type-product","3":"status-publish","4":"has-post-thumbnail","6":"product_cat-ender-vielma-es","7":"product_cat-partituras","8":"product_cat-genero","9":"product_cat-musica-de-camara","10":"product_cat-musica-contemporanea","11":"product_cat-instrumento","12":"product_cat-guitarra","13":"product_cat-mandolina","14":"product_cat-catalogo","15":"product_cat-compositores","16":"product_tag-ender-vielma-es","17":"product_tag-neue-musik-es","19":"first","20":"instock","21":"shipping-taxable","22":"purchasable","23":"product-type-variable"},"_links":{"self":[{"href":"https:\/\/tin-tonton.com\/es\/wp-json\/wp\/v2\/product\/8100","targetHints":{"allow":["GET"]}}],"collection":[{"href":"https:\/\/tin-tonton.com\/es\/wp-json\/wp\/v2\/product"}],"about":[{"href":"https:\/\/tin-tonton.com\/es\/wp-json\/wp\/v2\/types\/product"}],"version-history":[{"count":3,"href":"https:\/\/tin-tonton.com\/es\/wp-json\/wp\/v2\/product\/8100\/revisions"}],"predecessor-version":[{"id":8106,"href":"https:\/\/tin-tonton.com\/es\/wp-json\/wp\/v2\/product\/8100\/revisions\/8106"}],"wp:featuredmedia":[{"embeddable":true,"href":"https:\/\/tin-tonton.com\/es\/wp-json\/wp\/v2\/media\/7534"}],"wp:attachment":[{"href":"https:\/\/tin-tonton.com\/es\/wp-json\/wp\/v2\/media?parent=8100"}],"wp:term":[{"taxonomy":"product_brand","embeddable":true,"href":"https:\/\/tin-tonton.com\/es\/wp-json\/wp\/v2\/product_brand?post=8100"},{"taxonomy":"product_cat","embeddable":true,"href":"https:\/\/tin-tonton.com\/es\/wp-json\/wp\/v2\/product_cat?post=8100"},{"taxonomy":"product_tag","embeddable":true,"href":"https:\/\/tin-tonton.com\/es\/wp-json\/wp\/v2\/product_tag?post=8100"}],"curies":[{"name":"wp","href":"https:\/\/api.w.org\/{rel}","templated":true}]}}