{"id":7987,"date":"2022-04-13T14:27:45","date_gmt":"2022-04-13T12:27:45","guid":{"rendered":"https:\/\/tin-tonton.com\/shop\/sin%20categor\u00eda\/tonada-para-un-adios-albazo-runku-fuer-gitarre-pedro-barreiro\/"},"modified":"2022-04-13T14:29:45","modified_gmt":"2022-04-13T12:29:45","slug":"tonada-para-un-adios-albazo-runku-fuer-gitarre-pedro-barreiro","status":"publish","type":"product","link":"https:\/\/tin-tonton.com\/es\/shop\/partituras\/catalogo\/compositores\/pedro-barreiro-es\/tonada-para-un-adios-albazo-runku-fuer-gitarre-pedro-barreiro\/","title":{"rendered":"Tonada para un adios, Albazo Runku &#8211; para Guitarra &#8211; Pedro Barreiro"},"content":{"rendered":"<p>Tonada para un adi\u00f3s, Albazo Runku &#8211; para Guitarra &#8211; Pedro Barreiro<\/p>\n<p>Dos piezas para Guitarra:<\/p>\n<p>1.- Tonada para un adi\u00f3s<\/p>\n<p>2.- Albazo Runku<\/p>\n<p>Nr. de p\u00e1ginas- Partitura: 10 \u00a0(Incl. Portada, Bio, Cat\u00e1logo)<\/p>\n","protected":false},"excerpt":{"rendered":"<p>Tonada para un adi\u00f3s, Albazo Runku &#8211; para Guitarra &#8211; Pedro Barreiro Dos piezas para Guitarra: 1.- Tonada para un adi\u00f3s 2.- Albazo Runku Nr. de p\u00e1ginas- Partitura: 10 \u00a0(Incl. Portada, Bio, Cat\u00e1logo)<\/p>\n","protected":false},"featured_media":7552,"template":"","meta":[],"product_brand":[],"product_cat":[830,200,203,218,170,188,242,251],"product_tag":[],"class_list":{"0":"post-7987","1":"product","2":"type-product","3":"status-publish","4":"has-post-thumbnail","6":"product_cat-pedro-barreiro-es","7":"product_cat-partituras","8":"product_cat-genero","9":"product_cat-latinoamericana","10":"product_cat-instrumento","11":"product_cat-guitarra","12":"product_cat-catalogo","13":"product_cat-compositores","15":"first","16":"instock","17":"shipping-taxable","18":"purchasable","19":"product-type-variable"},"_links":{"self":[{"href":"https:\/\/tin-tonton.com\/es\/wp-json\/wp\/v2\/product\/7987","targetHints":{"allow":["GET"]}}],"collection":[{"href":"https:\/\/tin-tonton.com\/es\/wp-json\/wp\/v2\/product"}],"about":[{"href":"https:\/\/tin-tonton.com\/es\/wp-json\/wp\/v2\/types\/product"}],"version-history":[{"count":2,"href":"https:\/\/tin-tonton.com\/es\/wp-json\/wp\/v2\/product\/7987\/revisions"}],"predecessor-version":[{"id":7992,"href":"https:\/\/tin-tonton.com\/es\/wp-json\/wp\/v2\/product\/7987\/revisions\/7992"}],"wp:featuredmedia":[{"embeddable":true,"href":"https:\/\/tin-tonton.com\/es\/wp-json\/wp\/v2\/media\/7552"}],"wp:attachment":[{"href":"https:\/\/tin-tonton.com\/es\/wp-json\/wp\/v2\/media?parent=7987"}],"wp:term":[{"taxonomy":"product_brand","embeddable":true,"href":"https:\/\/tin-tonton.com\/es\/wp-json\/wp\/v2\/product_brand?post=7987"},{"taxonomy":"product_cat","embeddable":true,"href":"https:\/\/tin-tonton.com\/es\/wp-json\/wp\/v2\/product_cat?post=7987"},{"taxonomy":"product_tag","embeddable":true,"href":"https:\/\/tin-tonton.com\/es\/wp-json\/wp\/v2\/product_tag?post=7987"}],"curies":[{"name":"wp","href":"https:\/\/api.w.org\/{rel}","templated":true}]}}