{"id":7967,"date":"2022-04-13T14:15:44","date_gmt":"2022-04-13T12:15:44","guid":{"rendered":"https:\/\/tin-tonton.com\/shop\/sin%20categor\u00eda\/preludio-para-amar-yaravi-del-castano-fuer-gitarre-pedro-barreiro\/"},"modified":"2022-04-13T14:18:20","modified_gmt":"2022-04-13T12:18:20","slug":"preludio-para-amar-yaravi-del-castano-fuer-gitarre-pedro-barreiro","status":"publish","type":"product","link":"https:\/\/tin-tonton.com\/es\/shop\/partituras\/catalogo\/compositores\/pedro-barreiro-es\/preludio-para-amar-yaravi-del-castano-fuer-gitarre-pedro-barreiro\/","title":{"rendered":"Preludio para amar, Yaravi del Casta\u00f1o -para Guitarra &#8211; Pedro Barreiro"},"content":{"rendered":"<p>Preludio para amar, Yaravi del Casta\u00f1o &#8211; para Guitarra &#8211; Pedro Barreiro<\/p>\n<p>Dos piezas para Guitarra<\/p>\n<p>1.- Preludio para amar<\/p>\n<p>2.- Yaravi del Casta\u00f1o<\/p>\n<p>Nr. de p\u00e1ginas- Partitura: 10 \u00a0(Incl. Portada, Bio, Cat\u00e1logo)<\/p>\n","protected":false},"excerpt":{"rendered":"<p>Preludio para amar, Yaravi del Casta\u00f1o &#8211; para Guitarra &#8211; Pedro Barreiro Dos piezas para Guitarra 1.- Preludio para amar 2.- Yaravi del Casta\u00f1o Nr. de p\u00e1ginas- Partitura: 10 \u00a0(Incl. Portada, Bio, Cat\u00e1logo)<\/p>\n","protected":false},"featured_media":7555,"template":"","meta":[],"product_brand":[],"product_cat":[242,251,203,188,170,218,200,830],"product_tag":[766,831],"class_list":{"0":"post-7967","1":"product","2":"type-product","3":"status-publish","4":"has-post-thumbnail","6":"product_cat-catalogo","7":"product_cat-compositores","8":"product_cat-genero","9":"product_cat-guitarra","10":"product_cat-instrumento","11":"product_cat-latinoamericana","12":"product_cat-partituras","13":"product_cat-pedro-barreiro-es","14":"product_tag-gitarre-es","15":"product_tag-pedro-barreiro-es","17":"first","18":"instock","19":"shipping-taxable","20":"purchasable","21":"product-type-variable"},"_links":{"self":[{"href":"https:\/\/tin-tonton.com\/es\/wp-json\/wp\/v2\/product\/7967","targetHints":{"allow":["GET"]}}],"collection":[{"href":"https:\/\/tin-tonton.com\/es\/wp-json\/wp\/v2\/product"}],"about":[{"href":"https:\/\/tin-tonton.com\/es\/wp-json\/wp\/v2\/types\/product"}],"version-history":[{"count":3,"href":"https:\/\/tin-tonton.com\/es\/wp-json\/wp\/v2\/product\/7967\/revisions"}],"predecessor-version":[{"id":7973,"href":"https:\/\/tin-tonton.com\/es\/wp-json\/wp\/v2\/product\/7967\/revisions\/7973"}],"wp:featuredmedia":[{"embeddable":true,"href":"https:\/\/tin-tonton.com\/es\/wp-json\/wp\/v2\/media\/7555"}],"wp:attachment":[{"href":"https:\/\/tin-tonton.com\/es\/wp-json\/wp\/v2\/media?parent=7967"}],"wp:term":[{"taxonomy":"product_brand","embeddable":true,"href":"https:\/\/tin-tonton.com\/es\/wp-json\/wp\/v2\/product_brand?post=7967"},{"taxonomy":"product_cat","embeddable":true,"href":"https:\/\/tin-tonton.com\/es\/wp-json\/wp\/v2\/product_cat?post=7967"},{"taxonomy":"product_tag","embeddable":true,"href":"https:\/\/tin-tonton.com\/es\/wp-json\/wp\/v2\/product_tag?post=7967"}],"curies":[{"name":"wp","href":"https:\/\/api.w.org\/{rel}","templated":true}]}}