{"id":7773,"date":"2022-04-12T20:45:59","date_gmt":"2022-04-12T18:45:59","guid":{"rendered":"https:\/\/tin-tonton.com\/shop\/sin%20categor\u00eda\/terra-nova-fuer-gitarrenorchester-carlos-reyes\/"},"modified":"2022-04-12T20:48:42","modified_gmt":"2022-04-12T18:48:42","slug":"terra-nova-fuer-gitarrenorchester-carlos-reyes","status":"publish","type":"product","link":"https:\/\/tin-tonton.com\/es\/shop\/partituras\/catalogo\/compositores\/carlos-reyes-es\/terra-nova-fuer-gitarrenorchester-carlos-reyes\/","title":{"rendered":"Terra Nova &#8211; para Orquesta de Guitarras &#8211; Carlos Reyes"},"content":{"rendered":"<p>Terra Nova &#8211; para Orquesta de Guitarras &#8211; Carlos Reyes<\/p>\n<p>Instrumentaci\u00f3n: Orquesta de Guitarras o Quinteto de Guitarras<\/p>\n<p>Nr. de p\u00e1ginas- Partitura: 17 (Incl. Portada, Bio, Cat\u00e1logo)<\/p>\n","protected":false},"excerpt":{"rendered":"<p>Terra Nova &#8211; para Orquesta de Guitarras &#8211; Carlos Reyes Instrumentaci\u00f3n: Orquesta de Guitarras o Quinteto de Guitarras Nr. de p\u00e1ginas- Partitura: 17 (Incl. Portada, Bio, Cat\u00e1logo)<\/p>\n","protected":false},"featured_media":7525,"template":"","meta":[],"product_brand":[],"product_cat":[810,242,251,203,188,170,218,215,227,200,239],"product_tag":[],"class_list":{"0":"post-7773","1":"product","2":"type-product","3":"status-publish","4":"has-post-thumbnail","6":"product_cat-carlos-reyes-es","7":"product_cat-catalogo","8":"product_cat-compositores","9":"product_cat-genero","10":"product_cat-guitarra","11":"product_cat-instrumento","12":"product_cat-latinoamericana","13":"product_cat-musica-de-camara","14":"product_cat-musica-popular","15":"product_cat-partituras","16":"product_cat-pulso-y-pua","18":"first","19":"instock","20":"shipping-taxable","21":"purchasable","22":"product-type-variable"},"_links":{"self":[{"href":"https:\/\/tin-tonton.com\/es\/wp-json\/wp\/v2\/product\/7773","targetHints":{"allow":["GET"]}}],"collection":[{"href":"https:\/\/tin-tonton.com\/es\/wp-json\/wp\/v2\/product"}],"about":[{"href":"https:\/\/tin-tonton.com\/es\/wp-json\/wp\/v2\/types\/product"}],"version-history":[{"count":3,"href":"https:\/\/tin-tonton.com\/es\/wp-json\/wp\/v2\/product\/7773\/revisions"}],"predecessor-version":[{"id":7781,"href":"https:\/\/tin-tonton.com\/es\/wp-json\/wp\/v2\/product\/7773\/revisions\/7781"}],"wp:featuredmedia":[{"embeddable":true,"href":"https:\/\/tin-tonton.com\/es\/wp-json\/wp\/v2\/media\/7525"}],"wp:attachment":[{"href":"https:\/\/tin-tonton.com\/es\/wp-json\/wp\/v2\/media?parent=7773"}],"wp:term":[{"taxonomy":"product_brand","embeddable":true,"href":"https:\/\/tin-tonton.com\/es\/wp-json\/wp\/v2\/product_brand?post=7773"},{"taxonomy":"product_cat","embeddable":true,"href":"https:\/\/tin-tonton.com\/es\/wp-json\/wp\/v2\/product_cat?post=7773"},{"taxonomy":"product_tag","embeddable":true,"href":"https:\/\/tin-tonton.com\/es\/wp-json\/wp\/v2\/product_tag?post=7773"}],"curies":[{"name":"wp","href":"https:\/\/api.w.org\/{rel}","templated":true}]}}