{"id":7293,"date":"2021-09-04T14:26:46","date_gmt":"2021-09-04T12:26:46","guid":{"rendered":"https:\/\/tin-tonton.com\/shop\/sin%20categor\u00eda\/bass-saiten-daddario-helicore-d-h610-3-4-satz\/"},"modified":"2023-08-02T11:11:11","modified_gmt":"2023-08-02T09:11:11","slug":"bass-saiten-daddario-helicore-d-h610-3-4-satz","status":"publish","type":"product","link":"https:\/\/tin-tonton.com\/es\/shop\/cuerdas\/bass-saiten-daddario-helicore-d-h610-3-4-satz\/","title":{"rendered":"Bass Saiten D\u00b4Addario Helicore D-H610 3\/4 Satz"},"content":{"rendered":"<p>Bass Saiten D\u00b4Addario Helicore D-H610 3\/4 Orchester Satz Medium<\/p>\n<p>\u00abClear Sound &#8211; Excellent Response &#8211; Short Break-in Time\u00bb. D\u00b4Addario.<\/p>\n<p>G-Sol Stranded Steel\/Nickel 62.0<\/p>\n<p>D-R\u00e9 Stranded Steel\/Nickel 65.9<\/p>\n<p>A-La Stranded Steel\/Nickel 69.0<\/p>\n<p>E-Mi Stranded Steel\/Nickel70.0<\/p>\n<p><span style=\"color: #ff0000;\"><strong>Selbstabholung m\u00f6glich in Saarbr\u00fccken-Stadt.<\/strong><\/span><\/p>\n<p><span style=\"color: #ff0000;\"><strong>M\u00f6chten Sie mehrere Artikel kaufen oder ein pers\u00f6nliches Angebot f\u00fcr Ihren Verein oder Ihr Orchester beantragen?\u00a0<\/strong><\/span><\/p>\n<p>Schreiben Sie uns an <span style=\"color: #ff0000;\"><strong>info@tin-tonton.com<\/strong><\/span> und wir erstellen Ihnen gerne ein passendes Angebot f\u00fcr Ihre Bestellung.<\/p>\n","protected":false},"excerpt":{"rendered":"<p>Bass Saiten D\u00b4Addario Helicore D-H610 3\/4 Orchester Satz Medium \u00abClear Sound &#8211; Excellent Response &#8211; Short Break-in Time\u00bb. D\u00b4Addario. G-Sol Stranded Steel\/Nickel 62.0 D-R\u00e9 Stranded Steel\/Nickel 65.9 A-La Stranded Steel\/Nickel 69.0 E-Mi Stranded Steel\/Nickel70.0 Selbstabholung m\u00f6glich in Saarbr\u00fccken-Stadt. M\u00f6chten Sie mehrere Artikel kaufen oder ein pers\u00f6nliches Angebot f\u00fcr Ihren Verein oder Ihr Orchester beantragen?\u00a0 Schreiben [&hellip;]<\/p>\n","protected":false},"featured_media":7240,"template":"","meta":[],"product_brand":[],"product_cat":[720],"product_tag":[],"class_list":{"0":"post-7293","1":"product","2":"type-product","3":"status-publish","4":"has-post-thumbnail","6":"product_cat-cuerdas","8":"first","9":"outofstock","10":"sale","11":"shipping-taxable","12":"purchasable","13":"product-type-simple"},"_links":{"self":[{"href":"https:\/\/tin-tonton.com\/es\/wp-json\/wp\/v2\/product\/7293","targetHints":{"allow":["GET"]}}],"collection":[{"href":"https:\/\/tin-tonton.com\/es\/wp-json\/wp\/v2\/product"}],"about":[{"href":"https:\/\/tin-tonton.com\/es\/wp-json\/wp\/v2\/types\/product"}],"version-history":[{"count":1,"href":"https:\/\/tin-tonton.com\/es\/wp-json\/wp\/v2\/product\/7293\/revisions"}],"predecessor-version":[{"id":7294,"href":"https:\/\/tin-tonton.com\/es\/wp-json\/wp\/v2\/product\/7293\/revisions\/7294"}],"wp:featuredmedia":[{"embeddable":true,"href":"https:\/\/tin-tonton.com\/es\/wp-json\/wp\/v2\/media\/7240"}],"wp:attachment":[{"href":"https:\/\/tin-tonton.com\/es\/wp-json\/wp\/v2\/media?parent=7293"}],"wp:term":[{"taxonomy":"product_brand","embeddable":true,"href":"https:\/\/tin-tonton.com\/es\/wp-json\/wp\/v2\/product_brand?post=7293"},{"taxonomy":"product_cat","embeddable":true,"href":"https:\/\/tin-tonton.com\/es\/wp-json\/wp\/v2\/product_cat?post=7293"},{"taxonomy":"product_tag","embeddable":true,"href":"https:\/\/tin-tonton.com\/es\/wp-json\/wp\/v2\/product_tag?post=7293"}],"curies":[{"name":"wp","href":"https:\/\/api.w.org\/{rel}","templated":true}]}}