{"id":7291,"date":"2021-09-04T14:40:57","date_gmt":"2021-09-04T12:40:57","guid":{"rendered":"https:\/\/tin-tonton.com\/shop\/sin%20categor\u00eda\/gitarren-saiten-thomastik-cf-127-classic-n-superlona\/"},"modified":"2022-11-14T10:47:03","modified_gmt":"2022-11-14T09:47:03","slug":"gitarren-saiten-thomastik-cf-127-classic-n-superlona","status":"publish","type":"product","link":"https:\/\/tin-tonton.com\/es\/shop\/cuerdas\/guitarra-cuerdas\/guitarra-clasica\/gitarren-saiten-thomastik-cf-127-classic-n-superlona\/","title":{"rendered":"Gitarren Saiten Thomastik CF 127 &#8211; Classic N Superlona"},"content":{"rendered":"<p>Gitarren Saiten Thomastik CF 127 &#8211; Classic N Superlona<\/p>\n<p>Flat Wound. Die Diskant-Saiten bestehen aus Nylon und die B\u00e4sse sind mit Chromstahlband umsponnen.<\/p>\n<p>E: 0.27mm, H\/B: 0.31, G: 0.39, D: 0.30, A: 0.35, E: 0.45<\/p>\n<p><strong>Selbstabholung m\u00f6glich in Saarbr\u00fccken-Stadt<\/strong><\/p>\n<p><span style=\"color: #ff0000;\"><strong>M\u00f6chten Sie mehrere Artikel kaufen oder ein pers\u00f6nliches Angebot f\u00fcr Ihren Verein oder Ihr Orchester beantragen?\u00a0<\/strong><\/span><\/p>\n<p>Schreiben Sie uns an<span style=\"color: #ff0000;\"> <strong>info@tin-tonton.com<\/strong><\/span> und wir erstellen Ihnen gerne ein passendes Angebot f\u00fcr Ihre Bestellung.<\/p>\n","protected":false},"excerpt":{"rendered":"<p>Gitarren Saiten Thomastik CF 127 &#8211; Classic N Superlona Flat Wound. Die Diskant-Saiten bestehen aus Nylon und die B\u00e4sse sind mit Chromstahlband umsponnen. E: 0.27mm, H\/B: 0.31, G: 0.39, D: 0.30, A: 0.35, E: 0.45 Selbstabholung m\u00f6glich in Saarbr\u00fccken-Stadt M\u00f6chten Sie mehrere Artikel kaufen oder ein pers\u00f6nliches Angebot f\u00fcr Ihren Verein oder Ihr Orchester beantragen?\u00a0 [&hellip;]<\/p>\n","protected":false},"featured_media":7254,"template":"","meta":[],"product_brand":[],"product_cat":[720,723,725],"product_tag":[766,763,786],"class_list":{"0":"post-7291","1":"product","2":"type-product","3":"status-publish","4":"has-post-thumbnail","6":"product_cat-cuerdas","7":"product_cat-guitarra-cuerdas","8":"product_cat-guitarra-clasica","9":"product_tag-gitarre-es","10":"product_tag-gitarrensaiten-es","11":"product_tag-gitarrist-es","13":"first","14":"outofstock","15":"sale","16":"shipping-taxable","17":"purchasable","18":"product-type-simple"},"_links":{"self":[{"href":"https:\/\/tin-tonton.com\/es\/wp-json\/wp\/v2\/product\/7291","targetHints":{"allow":["GET"]}}],"collection":[{"href":"https:\/\/tin-tonton.com\/es\/wp-json\/wp\/v2\/product"}],"about":[{"href":"https:\/\/tin-tonton.com\/es\/wp-json\/wp\/v2\/types\/product"}],"version-history":[{"count":1,"href":"https:\/\/tin-tonton.com\/es\/wp-json\/wp\/v2\/product\/7291\/revisions"}],"predecessor-version":[{"id":7292,"href":"https:\/\/tin-tonton.com\/es\/wp-json\/wp\/v2\/product\/7291\/revisions\/7292"}],"wp:featuredmedia":[{"embeddable":true,"href":"https:\/\/tin-tonton.com\/es\/wp-json\/wp\/v2\/media\/7254"}],"wp:attachment":[{"href":"https:\/\/tin-tonton.com\/es\/wp-json\/wp\/v2\/media?parent=7291"}],"wp:term":[{"taxonomy":"product_brand","embeddable":true,"href":"https:\/\/tin-tonton.com\/es\/wp-json\/wp\/v2\/product_brand?post=7291"},{"taxonomy":"product_cat","embeddable":true,"href":"https:\/\/tin-tonton.com\/es\/wp-json\/wp\/v2\/product_cat?post=7291"},{"taxonomy":"product_tag","embeddable":true,"href":"https:\/\/tin-tonton.com\/es\/wp-json\/wp\/v2\/product_tag?post=7291"}],"curies":[{"name":"wp","href":"https:\/\/api.w.org\/{rel}","templated":true}]}}