{"id":7287,"date":"2021-09-06T10:02:39","date_gmt":"2021-09-06T08:02:39","guid":{"rendered":"https:\/\/tin-tonton.com\/shop\/sin%20categor\u00eda\/violin-saiten-warchal-amber-e-kugel-700b\/"},"modified":"2023-08-02T11:10:35","modified_gmt":"2023-08-02T09:10:35","slug":"violin-saiten-warchal-amber-e-kugel-700b","status":"publish","type":"product","link":"https:\/\/tin-tonton.com\/es\/shop\/cuerdas\/violin-es\/violin-saiten-warchal-amber-e-kugel-700b\/","title":{"rendered":"Violin Saiten Warchal Amber  E-Kugel 700B"},"content":{"rendered":"<p>Violin Saiten Warchal Amber E-Kugel 700B<\/p>\n<p>Geigensaiten, Violinsaiten<\/p>\n<p>E1: Yellow 701B, A2: Blue 702, D: Green 703, G: Dark Red 704<\/p>\n<p><strong>Selbstabholung m\u00f6glich in Saarbr\u00fccken-Stadt.<\/strong><\/p>\n<p><strong><span style=\"color: #ff0000;\">M\u00f6chten Sie mehrere Artikel kaufen oder ein pers\u00f6nliches Angebot f\u00fcr Ihren Verein oder Ihr Orchester beantragen?\u00a0<\/span><\/strong><\/p>\n<p>Schreiben Sie uns an <strong><span style=\"color: #ff0000;\">info@tin-tonton.com<\/span><\/strong> und wir erstellen Ihnen gerne ein passendes Angebot f\u00fcr Ihre Bestellung.<\/p>\n","protected":false},"excerpt":{"rendered":"<p>Violin Saiten Warchal Amber E-Kugel 700B Geigensaiten, Violinsaiten E1: Yellow 701B, A2: Blue 702, D: Green 703, G: Dark Red 704 Selbstabholung m\u00f6glich in Saarbr\u00fccken-Stadt. M\u00f6chten Sie mehrere Artikel kaufen oder ein pers\u00f6nliches Angebot f\u00fcr Ihren Verein oder Ihr Orchester beantragen?\u00a0 Schreiben Sie uns an info@tin-tonton.com und wir erstellen Ihnen gerne ein passendes Angebot f\u00fcr [&hellip;]<\/p>\n","protected":false},"featured_media":7270,"template":"","meta":[],"product_brand":[],"product_cat":[720,722],"product_tag":[781,782,783,784,764,785],"class_list":{"0":"post-7287","1":"product","2":"type-product","3":"status-publish","4":"has-post-thumbnail","6":"product_cat-cuerdas","7":"product_cat-violin-es","8":"product_tag-geige-es","9":"product_tag-geigenspieler-es","10":"product_tag-geiger-es","11":"product_tag-geigerin-es","12":"product_tag-saiten-es","13":"product_tag-violinsaiten-es","15":"first","16":"outofstock","17":"sale","18":"shipping-taxable","19":"purchasable","20":"product-type-simple"},"_links":{"self":[{"href":"https:\/\/tin-tonton.com\/es\/wp-json\/wp\/v2\/product\/7287","targetHints":{"allow":["GET"]}}],"collection":[{"href":"https:\/\/tin-tonton.com\/es\/wp-json\/wp\/v2\/product"}],"about":[{"href":"https:\/\/tin-tonton.com\/es\/wp-json\/wp\/v2\/types\/product"}],"version-history":[{"count":1,"href":"https:\/\/tin-tonton.com\/es\/wp-json\/wp\/v2\/product\/7287\/revisions"}],"predecessor-version":[{"id":7288,"href":"https:\/\/tin-tonton.com\/es\/wp-json\/wp\/v2\/product\/7287\/revisions\/7288"}],"wp:featuredmedia":[{"embeddable":true,"href":"https:\/\/tin-tonton.com\/es\/wp-json\/wp\/v2\/media\/7270"}],"wp:attachment":[{"href":"https:\/\/tin-tonton.com\/es\/wp-json\/wp\/v2\/media?parent=7287"}],"wp:term":[{"taxonomy":"product_brand","embeddable":true,"href":"https:\/\/tin-tonton.com\/es\/wp-json\/wp\/v2\/product_brand?post=7287"},{"taxonomy":"product_cat","embeddable":true,"href":"https:\/\/tin-tonton.com\/es\/wp-json\/wp\/v2\/product_cat?post=7287"},{"taxonomy":"product_tag","embeddable":true,"href":"https:\/\/tin-tonton.com\/es\/wp-json\/wp\/v2\/product_tag?post=7287"}],"curies":[{"name":"wp","href":"https:\/\/api.w.org\/{rel}","templated":true}]}}