{"id":7285,"date":"2021-09-03T09:37:06","date_gmt":"2021-09-03T07:37:06","guid":{"rendered":"https:\/\/tin-tonton.com\/shop\/sin%20categor\u00eda\/mandolinensaiten-thomastik-154-medium\/"},"modified":"2022-11-14T10:47:58","modified_gmt":"2022-11-14T09:47:58","slug":"mandolinensaiten-thomastik-154-medium","status":"publish","type":"product","link":"https:\/\/tin-tonton.com\/es\/shop\/cuerdas\/mandolina-es\/mandolinensaiten-thomastik-154-medium\/","title":{"rendered":"Mandolinen Saiten Thomastik 154 Medium"},"content":{"rendered":"<p>Mandolinen Saiten Thomastik 154 Medium<\/p>\n<p>Scale Length 34cm \/ 13 3\/8<\/p>\n<p>Die Thomastik- Mandolinen Saiten geh\u00f6ren zu den beliebtesten Saiten der professionellen Mandolinisten\/innen auf der Welt. Ihrer Klang ist klar und Brillant!<\/p>\n<p><span style=\"color: #ff0000;\"><strong>Selbstabholung m\u00f6glich in Saarbr\u00fccken-Stadt.<\/strong><\/span><\/p>\n<p><span style=\"color: #ff0000;\"><strong>M\u00f6chten Sie mehrere Artikel kaufen oder ein pers\u00f6nliches Angebot f\u00fcr Ihren Verein oder Ihr Orchester beantragen?\u00a0<\/strong><\/span><\/p>\n<p>Schreiben Sie uns an <span style=\"color: #ff0000;\"><strong>info@tin-tonton.com<\/strong><\/span> und wir erstellen Ihnen gerne ein passendes Angebot f\u00fcr Ihre Bestellung.<\/p>\n","protected":false},"excerpt":{"rendered":"<p>Mandolinen Saiten Thomastik 154 Medium Scale Length 34cm \/ 13 3\/8 Die Thomastik- Mandolinen Saiten geh\u00f6ren zu den beliebtesten Saiten der professionellen Mandolinisten\/innen auf der Welt. Ihrer Klang ist klar und Brillant! Selbstabholung m\u00f6glich in Saarbr\u00fccken-Stadt. M\u00f6chten Sie mehrere Artikel kaufen oder ein pers\u00f6nliches Angebot f\u00fcr Ihren Verein oder Ihr Orchester beantragen?\u00a0 Schreiben Sie uns [&hellip;]<\/p>\n","protected":false},"featured_media":7228,"template":"","meta":[],"product_brand":[],"product_cat":[778,720],"product_tag":[682,779,780],"class_list":{"0":"post-7285","1":"product","2":"type-product","3":"status-publish","4":"has-post-thumbnail","6":"product_cat-mandolina-es","7":"product_cat-cuerdas","8":"product_tag-mandoline-es","9":"product_tag-mandolinensaiten-es","10":"product_tag-mandolinist-es","12":"first","13":"outofstock","14":"sale","15":"shipping-taxable","16":"purchasable","17":"product-type-simple"},"_links":{"self":[{"href":"https:\/\/tin-tonton.com\/es\/wp-json\/wp\/v2\/product\/7285","targetHints":{"allow":["GET"]}}],"collection":[{"href":"https:\/\/tin-tonton.com\/es\/wp-json\/wp\/v2\/product"}],"about":[{"href":"https:\/\/tin-tonton.com\/es\/wp-json\/wp\/v2\/types\/product"}],"version-history":[{"count":1,"href":"https:\/\/tin-tonton.com\/es\/wp-json\/wp\/v2\/product\/7285\/revisions"}],"predecessor-version":[{"id":7286,"href":"https:\/\/tin-tonton.com\/es\/wp-json\/wp\/v2\/product\/7285\/revisions\/7286"}],"wp:featuredmedia":[{"embeddable":true,"href":"https:\/\/tin-tonton.com\/es\/wp-json\/wp\/v2\/media\/7228"}],"wp:attachment":[{"href":"https:\/\/tin-tonton.com\/es\/wp-json\/wp\/v2\/media?parent=7285"}],"wp:term":[{"taxonomy":"product_brand","embeddable":true,"href":"https:\/\/tin-tonton.com\/es\/wp-json\/wp\/v2\/product_brand?post=7285"},{"taxonomy":"product_cat","embeddable":true,"href":"https:\/\/tin-tonton.com\/es\/wp-json\/wp\/v2\/product_cat?post=7285"},{"taxonomy":"product_tag","embeddable":true,"href":"https:\/\/tin-tonton.com\/es\/wp-json\/wp\/v2\/product_tag?post=7285"}],"curies":[{"name":"wp","href":"https:\/\/api.w.org\/{rel}","templated":true}]}}