{"id":5899,"date":"2021-02-16T18:44:29","date_gmt":"2021-02-16T17:44:30","guid":{"rendered":"https:\/\/tin-tonton.com\/?post_type=product&#038;p=5899"},"modified":"2021-02-16T18:44:30","modified_gmt":"2021-02-16T17:44:30","slug":"in-der-luft-ender-vielma","status":"publish","type":"product","link":"https:\/\/tin-tonton.com\/es\/shop\/partituras\/catalogo\/gratis-catalogo\/in-der-luft-ender-vielma\/","title":{"rendered":"In der Luft &#8211; Ender Vielma"},"content":{"rendered":"<p>In der Luft\u00a0(\u00a0Niveau B2)<\/p>\n<p>Ziel dieser Et\u00fcde ist es, die Unabh\u00e4ngigkeit der Finger der linken Hand zu erreichen, indem einige Finger liegen bleiben, w\u00e4hrend die anderen sich bewegen. In der rechten Hand werden unterschiedliche Wechselschlag-Kombinationen verwendet. Bitte die genauen Angaben in den Noten beachten.<\/p>\n<p>www.svenjabeuren.com\/blog\/<\/p>\n<p>&nbsp;<\/p>\n<p>&nbsp;<\/p>\n","protected":false},"excerpt":{"rendered":"<p>In der Luft\u00a0(\u00a0Niveau B2) Ziel dieser Et\u00fcde ist es, die Unabh\u00e4ngigkeit der Finger der linken Hand zu erreichen, indem einige Finger liegen bleiben, w\u00e4hrend die anderen sich bewegen. In der rechten Hand werden unterschiedliche Wechselschlag-Kombinationen verwendet. Bitte die genauen Angaben in den Noten beachten. www.svenjabeuren.com\/blog\/ &nbsp; &nbsp;<\/p>\n","protected":false},"featured_media":5896,"template":"","meta":[],"product_brand":[],"product_cat":[200,239,170,188,242,248],"product_tag":[638],"class_list":{"0":"post-5899","1":"product","2":"type-product","3":"status-publish","4":"has-post-thumbnail","6":"product_cat-partituras","7":"product_cat-pulso-y-pua","8":"product_cat-instrumento","9":"product_cat-guitarra","10":"product_cat-catalogo","11":"product_cat-gratis-catalogo","12":"product_tag-klassische-gitarre","14":"first","15":"instock","16":"downloadable","17":"shipping-taxable","18":"purchasable","19":"product-type-simple"},"_links":{"self":[{"href":"https:\/\/tin-tonton.com\/es\/wp-json\/wp\/v2\/product\/5899","targetHints":{"allow":["GET"]}}],"collection":[{"href":"https:\/\/tin-tonton.com\/es\/wp-json\/wp\/v2\/product"}],"about":[{"href":"https:\/\/tin-tonton.com\/es\/wp-json\/wp\/v2\/types\/product"}],"version-history":[{"count":1,"href":"https:\/\/tin-tonton.com\/es\/wp-json\/wp\/v2\/product\/5899\/revisions"}],"predecessor-version":[{"id":5901,"href":"https:\/\/tin-tonton.com\/es\/wp-json\/wp\/v2\/product\/5899\/revisions\/5901"}],"wp:featuredmedia":[{"embeddable":true,"href":"https:\/\/tin-tonton.com\/es\/wp-json\/wp\/v2\/media\/5896"}],"wp:attachment":[{"href":"https:\/\/tin-tonton.com\/es\/wp-json\/wp\/v2\/media?parent=5899"}],"wp:term":[{"taxonomy":"product_brand","embeddable":true,"href":"https:\/\/tin-tonton.com\/es\/wp-json\/wp\/v2\/product_brand?post=5899"},{"taxonomy":"product_cat","embeddable":true,"href":"https:\/\/tin-tonton.com\/es\/wp-json\/wp\/v2\/product_cat?post=5899"},{"taxonomy":"product_tag","embeddable":true,"href":"https:\/\/tin-tonton.com\/es\/wp-json\/wp\/v2\/product_tag?post=5899"}],"curies":[{"name":"wp","href":"https:\/\/api.w.org\/{rel}","templated":true}]}}