{"id":4686,"date":"2021-01-27T14:33:29","date_gmt":"2021-01-27T13:33:29","guid":{"rendered":"https:\/\/tin-tonton.com\/widerrufsbelehrung-2\/"},"modified":"2025-01-08T11:16:30","modified_gmt":"2025-01-08T10:16:30","slug":"widerrufsbelehrung-verkaufer-tin-tonton","status":"publish","type":"page","link":"https:\/\/tin-tonton.com\/es\/widerrufsbelehrung-verkaufer-tin-tonton\/","title":{"rendered":"Widerrufsbelehrung  (Verk\u00e4ufer: Tin-tonton)"},"content":{"rendered":"\t\t<div data-elementor-type=\"wp-page\" data-elementor-id=\"4686\" class=\"elementor elementor-4686 elementor-4680\">\n\t\t\t\t\t\t<section class=\"elementor-section elementor-top-section elementor-element elementor-element-0dc37b2 elementor-section-boxed elementor-section-height-default elementor-section-height-default\" data-id=\"0dc37b2\" data-element_type=\"section\">\n\t\t\t\t\t\t<div class=\"elementor-container elementor-column-gap-default\">\n\t\t\t\t\t<div class=\"elementor-column elementor-col-100 elementor-top-column elementor-element elementor-element-42b00fd\" data-id=\"42b00fd\" data-element_type=\"column\">\n\t\t\t<div class=\"elementor-widget-wrap elementor-element-populated\">\n\t\t\t\t\t\t<div class=\"elementor-element elementor-element-ff30dfa elementor-widget elementor-widget-text-editor\" data-id=\"ff30dfa\" data-element_type=\"widget\" data-widget_type=\"text-editor.default\">\n\t\t\t\t<div class=\"elementor-widget-container\">\n\t\t\t\t\t\t\t\t\t<p><b>Muster Widerrufsbelehrung und Widerrufsformular f\u00fcr Tin-tonton-Verk\u00e4ufer<\/b><\/p><p>WIDERRUFSBELEHRUNG &amp; WIDERRUFSFORMULAR<\/p><p>Verbrauchern steht ein Widerrufsrecht nach folgender Ma\u00dfgabe zu, wobei Verbraucher jede nat\u00fcrliche Person ist, die ein Rechtsgesch\u00e4ft zu Zwecken abschlie\u00dft, die \u00fcberwiegend weder ihrer gewerblichen noch ihrer selbst\u00e4ndigen beruflichen T\u00e4tigkeit zugerechnet werden k\u00f6nnen:<\/p><p>A. Widerrufsbelehrung<\/p><p>Widerrufsrecht<\/p><p>Sie haben das Recht, binnen vierzehn Tagen ohne Angabe von Gr\u00fcnden diesen Vertrag zu widerrufen.<\/p><p>Bei Vertr\u00e4gen zur Lieferung von Waren betr\u00e4gt die Widerrufsfrist vierzehn Tage ab dem Tag, an dem Sie oder ein von Ihnen benannter Dritter, der nicht der Bef\u00f6rderer ist, die letzte Ware in Besitz genommen haben bzw. hat.<\/p><p>Bei Vertr\u00e4gen zur Lieferung von nicht auf einem k\u00f6rperlichen Datentr\u00e4ger befindlichen Daten, die in digitaler Form hergestellt und bereitgestellt werden (digitale Inhalte) betr\u00e4gt die Widerrufsfrist vierzehn Tage ab dem Tag des Vertragsabschlusses.<\/p><p>Um Ihr Widerrufsrecht auszu\u00fcben, m\u00fcssen Sie uns (Ender Javier Rangel Vielma, Keltenweg 2, 66706 Perl, Deutschland, Tel.: 0176\/ 72400170 , E-Mail: contact@endervielma.com) mittels einer eindeutigen Erkl\u00e4rung (z. B. ein mit der Post versandter Brief oder E-Mail) \u00fcber Ihren Entschluss, diesen Vertrag zu widerrufen, informieren. Sie k\u00f6nnen daf\u00fcr das beigef\u00fcgte Muster-Widerrufsformular verwenden, das jedoch nicht vorgeschrieben ist.<\/p><p>Zur Wahrung der Widerrufsfrist reicht es aus, dass Sie die Mitteilung \u00fcber die Aus\u00fcbung des Widerrufsrechts vor Ablauf der Widerrufsfrist absenden.<\/p><p>Folgen des Widerrufs<\/p><p>Wenn Sie diesen Vertrag widerrufen, haben wir Ihnen alle Zahlungen, die wir von Ihnen erhalten haben, einschlie\u00dflich der Lieferkosten (mit Ausnahme der zus\u00e4tzlichen Kosten, die sich daraus ergeben, dass Sie eine andere Art der Lieferung als die von uns angebotene, g\u00fcnstigste Standardlieferung gew\u00e4hlt haben), unverz\u00fcglich und sp\u00e4testens binnen vierzehn Tagen ab dem Tag zur\u00fcckzuzahlen, an dem die Mitteilung \u00fcber Ihren Widerruf dieses Vertrags bei uns eingegangen ist. F\u00fcr diese R\u00fcckzahlung verwenden wir dasselbe Zahlungsmittel, das Sie bei der urspr\u00fcnglichen Transaktion eingesetzt haben, es sei denn, mit Ihnen wurde ausdr\u00fccklich etwas anderes vereinbart; in keinem Fall werden Ihnen wegen dieser R\u00fcckzahlung Entgelte berechnet.<\/p><p>Bei Vertr\u00e4gen zur Lieferung von Waren k\u00f6nnen wir die R\u00fcckzahlung verweigern, bis wir die Waren wieder zur\u00fcckerhalten haben oder bis Sie den Nachweis erbracht haben, dass Sie die Waren zur\u00fcckgesandt haben, je nachdem, welches der fr\u00fchere Zeitpunkt ist.<\/p><p>Sie haben die Waren unverz\u00fcglich und in jedem Fall sp\u00e4testens binnen vierzehn Tagen ab dem Tag, an dem Sie uns \u00fcber den Widerruf dieses Vertrags unterrichten, an uns zur\u00fcckzusenden oder zu \u00fcbergeben. Die Frist ist gewahrt, wenn Sie die Waren vor Ablauf der Frist von vierzehn Tagen absenden.<\/p><p>Sie tragen die unmittelbaren Kosten der R\u00fccksendung der Waren.<\/p><p>Sie m\u00fcssen f\u00fcr einen etwaigen Wertverlust der Waren nur aufkommen, wenn dieser Wertverlust auf einen zur Pr\u00fcfung der Beschaffenheit, Eigenschaften und Funktionsweise der Waren nicht notwendigen Umgang mit ihnen zur\u00fcckzuf\u00fchren ist.<\/p><p>Ausschluss bzw. vorzeitiges Erl\u00f6schen des Widerrufsrechts<\/p><p>Das Widerrufsrecht besteht nicht bei Vertr\u00e4gen zur Lieferung von Waren, die nicht vorgefertigt sind und f\u00fcr deren Herstellung eine individuelle Auswahl oder Bestimmung durch den Verbraucher ma\u00dfgeblich ist oder die eindeutig auf die pers\u00f6nlichen Bed\u00fcrfnisse des Verbrauchers zugeschnitten sind.<\/p><p>Gem\u00e4\u00df \u00a7 312g Abs. 2 Nr. 9 BGB besteht ein Widerrufsrecht, soweit nichts anderes vereinbart ist, nicht bei Vertr\u00e4gen zur Erbringung von Dienstleistungen im Zusammenhang mit Freizeitbet\u00e4tigungen, wenn der Vertrag f\u00fcr die Erbringung einen spezifischen Termin oder Zeitraum vorsieht. Danach ist ein Widerrufsrecht auch bei Vertr\u00e4gen ausgeschlossen, die den Verkauf von Tickets f\u00fcr termingebundene Freizeitveranstaltungen zum Gegenstand haben.<\/p><p>Das Widerrufsrecht erlischt vorzeitig bei Vertr\u00e4gen zur Lieferung von digitalen Inhalten, wenn wir mit der Ausf\u00fchrung des Vertrages begonnen haben, nachdem Sie ausdr\u00fccklich zugestimmt haben, dass wir mit der Ausf\u00fchrung des Vertrages vor Ablauf der Widerrufsfrist beginnen und Sie uns Ihre Kenntnis davon best\u00e4tigt haben, dass Sie durch Ihre Zustimmung mit Beginn der Ausf\u00fchrung des Vertrags Ihr Widerrufsrecht verlieren.<\/p><p>Allgemeine Hinweise zur R\u00fccksendung von Waren<\/p><p>1) Bitte vermeiden Sie Besch\u00e4digungen und Verunreinigungen der Ware. Senden Sie die Ware bitte in Originalverpackung mit s\u00e4mtlichem Zubeh\u00f6r und mit allen Verpackungsbestandteilen an uns zur\u00fcck. Verwenden Sie ggf. eine sch\u00fctzende Umverpackung. Wenn Sie die Originalverpackung nicht mehr besitzen, sorgen Sie bitte mit einer geeigneten Verpackung f\u00fcr einen ausreichenden Schutz vor Transportsch\u00e4den.<br \/>2) Senden Sie die Ware bitte nicht unfrei an uns zur\u00fcck.<br \/>3) Bitte beachten Sie, dass die vorgenannten Ziffern 1-2 nicht Voraussetzung f\u00fcr die wirksame Aus\u00fcbung des Widerrufsrechts sind.<\/p><p>B. Widerrufsformular<\/p><p>Wenn Sie den Vertrag widerrufen wollen, dann f\u00fcllen Sie bitte dieses Formular aus und senden es zur\u00fcck.<\/p><p>An<\/p><p>Ender Javier Rangel Vielma<br \/>Keltenweg 2<br \/>66706 Perl<br \/>Deutschland<br \/>E-Mail: contact@endervielma.com<\/p><p>Hiermit widerrufe(n) ich\/wir (*) den von mir\/uns (*) abgeschlossenen Vertrag \u00fcber den Kauf der folgenden Waren (*)\/die Erbringung der folgenden Dienstleistung (*)<\/p><p>_______________________________________________________<\/p><p>_______________________________________________________<\/p><p>Bestellt am (*) ____________ \/ erhalten am (*) __________________<\/p><p>________________________________________________________<br \/>Name des\/der Verbraucher(s)<\/p><p>________________________________________________________<br \/>Anschrift des\/der Verbraucher(s)<\/p><p>________________________________________________________<br \/>Unterschrift des\/der Verbraucher(s) (nur bei Mitteilung auf Papier)<\/p><p>_________________________<br \/>Datum<\/p><p>(*) Unzutreffendes streichen<\/p>\t\t\t\t\t\t\t\t<\/div>\n\t\t\t\t<\/div>\n\t\t\t\t\t<\/div>\n\t\t<\/div>\n\t\t\t\t\t<\/div>\n\t\t<\/section>\n\t\t\t\t<\/div>\n\t\t","protected":false},"excerpt":{"rendered":"<p>Muster Widerrufsbelehrung und Widerrufsformular f\u00fcr Tin-tonton-Verk\u00e4ufer WIDERRUFSBELEHRUNG &amp; WIDERRUFSFORMULAR Verbrauchern steht ein Widerrufsrecht nach folgender Ma\u00dfgabe zu, wobei Verbraucher jede nat\u00fcrliche Person ist, die ein Rechtsgesch\u00e4ft zu Zwecken abschlie\u00dft, die \u00fcberwiegend weder ihrer gewerblichen noch ihrer selbst\u00e4ndigen beruflichen T\u00e4tigkeit zugerechnet werden k\u00f6nnen: A. Widerrufsbelehrung Widerrufsrecht Sie haben das Recht, binnen vierzehn Tagen ohne Angabe von [&hellip;]<\/p>\n","protected":false},"author":1,"featured_media":0,"parent":0,"menu_order":0,"comment_status":"closed","ping_status":"closed","template":"","meta":{"footnotes":""},"class_list":["post-4686","page","type-page","status-publish","hentry"],"_links":{"self":[{"href":"https:\/\/tin-tonton.com\/es\/wp-json\/wp\/v2\/pages\/4686","targetHints":{"allow":["GET"]}}],"collection":[{"href":"https:\/\/tin-tonton.com\/es\/wp-json\/wp\/v2\/pages"}],"about":[{"href":"https:\/\/tin-tonton.com\/es\/wp-json\/wp\/v2\/types\/page"}],"author":[{"embeddable":true,"href":"https:\/\/tin-tonton.com\/es\/wp-json\/wp\/v2\/users\/1"}],"replies":[{"embeddable":true,"href":"https:\/\/tin-tonton.com\/es\/wp-json\/wp\/v2\/comments?post=4686"}],"version-history":[{"count":7,"href":"https:\/\/tin-tonton.com\/es\/wp-json\/wp\/v2\/pages\/4686\/revisions"}],"predecessor-version":[{"id":8796,"href":"https:\/\/tin-tonton.com\/es\/wp-json\/wp\/v2\/pages\/4686\/revisions\/8796"}],"wp:attachment":[{"href":"https:\/\/tin-tonton.com\/es\/wp-json\/wp\/v2\/media?parent=4686"}],"curies":[{"name":"wp","href":"https:\/\/api.w.org\/{rel}","templated":true}]}}