{"id":4660,"date":"2021-01-27T14:24:46","date_gmt":"2021-01-27T13:24:46","guid":{"rendered":"https:\/\/tin-tonton.com\/?page_id=4660"},"modified":"2021-01-27T14:27:29","modified_gmt":"2021-01-27T13:27:29","slug":"agb-verkaufer-tin-tonton","status":"publish","type":"page","link":"https:\/\/tin-tonton.com\/es\/agb-verkaufer-tin-tonton\/","title":{"rendered":"AGB  (Verk\u00e4ufer: Tin-tonton)"},"content":{"rendered":"\t\t<div data-elementor-type=\"wp-page\" data-elementor-id=\"4660\" class=\"elementor elementor-4660\">\n\t\t\t\t\t\t<section class=\"elementor-section elementor-top-section elementor-element elementor-element-d892a98 elementor-section-boxed elementor-section-height-default elementor-section-height-default\" data-id=\"d892a98\" data-element_type=\"section\" data-e-type=\"section\">\n\t\t\t\t\t\t<div class=\"elementor-container elementor-column-gap-default\">\n\t\t\t\t\t<div class=\"elementor-column elementor-col-100 elementor-top-column elementor-element elementor-element-49e385b\" data-id=\"49e385b\" data-element_type=\"column\" data-e-type=\"column\">\n\t\t\t<div class=\"elementor-widget-wrap elementor-element-populated\">\n\t\t\t\t\t\t<div class=\"elementor-element elementor-element-b16526f elementor-widget elementor-widget-text-editor\" data-id=\"b16526f\" data-element_type=\"widget\" data-e-type=\"widget\" data-widget_type=\"text-editor.default\">\n\t\t\t\t<div class=\"elementor-widget-container\">\n\t\t\t\t\t\t\t\t\t<p><b>Allgemeine Gesch\u00e4ftsbedingungen mit Kundeninformationen<\/b><\/p><p>\u00a0<\/p><ol><li><b><\/b><b>Geltungsbereich<\/b><ol><li>Diese Allgemeinen Gesch\u00e4ftsbedingungen (nachfolgend \u201eAGB\u201c) der Ender Javier Rangel Vielma \u00a0(nachfolgend \u201eVerk\u00e4ufer\u201c), gelten f\u00fcr alle Vertr\u00e4ge \u00fcber die Lieferung von Waren, die ein Verbraucher oder Unternehmer (nachfolgend \u201eKunde\u201c) mit dem Verk\u00e4ufer hinsichtlich der vom Verk\u00e4ufer auf der Internet-Handelsplattform www.tin-tonton.com (nachfolgend \u201eTin-tonton\u201c) dargestellten Waren abschlie\u00dft. Hiermit wird der Einbeziehung von eigenen Bedingungen des Kunden widersprochen, es sei denn, es ist etwas anderes vereinbart.<\/li><li>F\u00fcr Vertr\u00e4ge \u00fcber die Lieferung digitaler Inhalte gelten diese AGB entsprechend, sofern insoweit nicht etwas Abweichendes geregelt ist.<\/li><li>F\u00fcr Vertr\u00e4ge \u00fcber die Lieferung von Tickets gelten diese AGB entsprechend, sofern insoweit nicht etwas Abweichendes geregelt ist. Dabei regeln diese AGB lediglich den Verkauf von Tickets f\u00fcr bestimmte, in der Artikelbeschreibung des Verk\u00e4ufers n\u00e4her bezeichnete Veranstaltungen und nicht die Durchf\u00fchrung dieser Veranstaltungen. F\u00fcr die Durchf\u00fchrung der Veranstaltungen gelten ausschlie\u00dflich die gesetzlichen Bestimmungen im Verh\u00e4ltnis zwischen dem Kunden und dem Veranstalter sowie ggf. hiervon abweichende Bedingungen des Veranstalters. Sofern der Verk\u00e4ufer nicht zugleich auch Veranstalter ist, haftet er nicht f\u00fcr die ordnungsgem\u00e4\u00dfe Durchf\u00fchrung der Veranstaltung, f\u00fcr die ausschlie\u00dflich der jeweilige Veranstalter verantwortlich ist.<\/li><li>Verbraucher im Sinne dieser AGB ist jede nat\u00fcrliche Person, die ein Rechtsgesch\u00e4ft zu Zwecken abschlie\u00dft, die \u00fcberwiegend weder ihrer gewerblichen noch ihrer selbst\u00e4ndigen beruflichen T\u00e4tigkeit zugerechnet werden k\u00f6nnen.<\/li><li>Unternehmer im Sinne dieser AGB ist eine nat\u00fcrliche oder juristische Person oder eine rechtsf\u00e4hige Personengesellschaft, die bei Abschluss eines Rechtsgesch\u00e4fts in Aus\u00fcbung ihrer gewerblichen oder selbst\u00e4ndigen beruflichen T\u00e4tigkeit handelt.<\/li><li>Digitale Inhalte im Sinne dieser AGB sind alle nicht auf einem k\u00f6rperlichen Datentr\u00e4ger befindlichen Daten, die in digitaler Form hergestellt und vom Verk\u00e4ufer unter Einr\u00e4umung bestimmter in diesen AGB genauer geregelten Nutzungsrechte, bereitgestellt werden.<\/li><\/ol><\/li><\/ol><ol start=\"2\"><li><b><\/b><b>Vertragsschluss<\/b><\/li><\/ol><ol><li style=\"list-style-type: none;\"><ol><li>Die Produktbeschreibungen des Verk\u00e4ufers bei Tin-tonton stellen verbindliche Angebote seitens des Verk\u00e4ufers dar.<\/li><li>Der Kunde kann das Angebot annehmen, indem er den elektronischen Bestellprozess bei Tin-tonton durchl\u00e4uft und den abschlie\u00dfenden Button (\u201eZahlungspflichtig bestellen\u201c) anklickt.<\/li><li>Der Vertragstext wird nach dem Vertragsschluss vom Verk\u00e4ufer gespeichert und dem Kunden nach Absendung von dessen Bestellung in Textform (z. B. E-Mail, Fax oder Brief) \u00fcbermittelt. Eine dar\u00fcber hinausgehende Zug\u00e4nglichmachung des Vertragstextes durch den Verk\u00e4ufer erfolgt nicht.<\/li><li>Vor verbindlicher Abgabe der Bestellung kann der Kunde m\u00f6gliche Eingabefehler durch aufmerksames Lesen der auf dem Bildschirm dargestellten Informationen erkennen. Ein wirksames technisches Mittel zur besseren Erkennung von Eingabefehlern kann dabei die Vergr\u00f6\u00dferungsfunktion des Browsers sein, mit deren Hilfe die Darstellung auf dem Bildschirm vergr\u00f6\u00dfert wird. Seine Eingaben kann der Kunde im Rahmen des elektronischen Bestellprozesses so lange \u00fcber die \u00fcblichen Tastatur- und Mausfunktionen korrigieren, bis er den den Bestellvorgang abschlie\u00dfenden Button anklickt.<\/li><li>F\u00fcr den Vertragsschluss steht ausschlie\u00dflich die deutsche Sprache zur Verf\u00fcgung.<\/li><li>Die Bestellabwicklung und Kontaktaufnahme finden per E-Mail und automatisierter Bestellabwicklung statt. Der Kunde hat sicherzustellen, dass die von ihm zur Bestellabwicklung angegebene E-Mail-Adresse zutreffend ist, so dass unter dieser Adresse die vom Verk\u00e4ufer versandten E-Mails empfangen werden k\u00f6nnen. Insbesondere hat der Kunde bei dem Einsatz von SPAM-Filtern sicherzustellen, dass alle vom Verk\u00e4ufer<span class=\"Apple-converted-space\">\u00a0 <\/span>versandten E-Mails zugestellt werden k\u00f6nnen.<\/li><\/ol><\/li><\/ol><ol start=\"3\"><li><b><\/b><b>Widerrufsrecht<\/b><\/li><\/ol><p>Verbrauchern steht grunds\u00e4tzlich ein Widerrufsrecht zu. N\u00e4here Informationen zum Widerrufsrecht ergeben sich aus der Widerrufsbelehrung des Verk\u00e4ufers.<\/p><ol start=\"4\"><li><b><\/b><b>Preise und Zahlungsbedingungen<span class=\"Apple-converted-space\">\u00a0<\/span><\/b><\/li><\/ol><ol><li style=\"list-style-type: none;\"><ol><li>Sofern sich aus der Produktbeschreibung des Verk\u00e4ufers nichts anderes ergibt, handelt es sich bei den angegebenen Preisen um Gesamtpreise. Gegebenenfalls zus\u00e4tzlich anfallende Liefer- und Versandkosten werden in der jeweiligen Produktbeschreibung gesondert angegeben.<\/li><li>Bei Lieferungen in L\u00e4nder au\u00dferhalb der Europ\u00e4ischen Union k\u00f6nnen im Einzelfall weitere Kosten anfallen, die der Verk\u00e4ufer nicht zu vertreten hat und die vom Kunden zu tragen sind. Hierzu z\u00e4hlen beispielsweise Kosten f\u00fcr die Geld\u00fcbermittlung durch Kreditinstitute (z.B. \u00dcberweisungsgeb\u00fchren, Wechselkursgeb\u00fchren) oder einfuhrrechtliche Abgaben bzw. Steuern (z.B. Z\u00f6lle). Solche Kosten k\u00f6nnen in Bezug auf die Geld\u00fcbermittlung auch dann anfallen, wenn die Lieferung nicht in ein Land au\u00dferhalb der Europ\u00e4ischen Union erfolgt, der Kunde die Zahlung aber von einem Land au\u00dferhalb der Europ\u00e4ischen Union aus vornimmt.<\/li><li>Die Zahlungsm\u00f6glichkeit\/en wird\/werden dem Kunden im Angebot des Verk\u00e4ufers bei Tin-tonton mitgeteilt.<\/li><\/ol><\/li><\/ol><ol start=\"5\"><li><b><\/b><b>Liefer- und Versandbedingungen<\/b><\/li><\/ol><ol><li style=\"list-style-type: none;\"><ol><li>Die Lieferung von Waren erfolgt auf dem Versandweg an die vom Kunden angegebene Lieferanschrift, sofern nichts anderes vereinbart ist. Bei der Abwicklung der Transaktion ist die in der Bestellabwicklung bei Tin-tonton angegebene Lieferanschrift ma\u00dfgeblich.<span class=\"Apple-converted-space\">\u00a0<\/span><\/li><li>Scheitert die Zustellung der Ware aus Gr\u00fcnden, die der Kunde zu vertreten hat, tr\u00e4gt der Kunde die dem Verk\u00e4ufer hierdurch entstehenden angemessenen Kosten. Dies gilt im Hinblick auf die Kosten f\u00fcr die Hinsendung nicht, wenn der Kunde sein Widerrufsrecht wirksam aus\u00fcbt. F\u00fcr die R\u00fccksendekosten gilt bei wirksamer Aus\u00fcbung des Widerrufsrechts durch den Kunden die in der Widerrufsbelehrung des Verk\u00e4ufers hierzu getroffene Regelung.<\/li><li>Selbstabholung ist aus logistischen Gr\u00fcnden nicht m\u00f6glich.<\/li><li>Digitale Inhalte werden dem Kunden ausschlie\u00dflich in elektronischer Form wie folgt \u00fcberlassen:<\/li><\/ol><\/li><\/ol><ul><li>per E-Mail<\/li><li>per Download<\/li><\/ul><ol start=\"5\"><li style=\"list-style-type: none;\"><ol start=\"5\"><li>Tickets werden dem Kunden wie folgt \u00fcberlassen:<\/li><\/ol><\/li><\/ol><ul><li>per E-Mail<\/li><li>per Download<\/li><li>postalisch<\/li><\/ul><ol start=\"6\"><li><b><\/b><b>Einr\u00e4umung von Nutzungsrechten f\u00fcr digitale Inhalte<\/b><\/li><\/ol><ol><li style=\"list-style-type: none;\"><ol><li>Sofern sich aus der Inhaltsbeschreibung des Verk\u00e4ufers nichts anderes ergibt, r\u00e4umt der Verk\u00e4ufer dem Kunden an den \u00fcberlassenen Inhalten das nicht ausschlie\u00dfliche, \u00f6rtlich und zeitlich unbeschr\u00e4nkte Recht ein, die \u00fcberlassenen Inhalte zu privaten und beruflichen Zwecken zu nutzen.<\/li><li>Sofern sich aus der Inhaltsbeschreibung des Verk\u00e4ufers nichts anderes ergibt, ist eine Weitergabe der Inhalte an Dritte oder die Erstellung von Kopien f\u00fcr Dritte au\u00dferhalb des Rahmens dieser AGB nicht gestattet, soweit nicht der Verk\u00e4ufer einer \u00dcbertragung der vertragsgegenst\u00e4ndlichen Lizenz an den Dritten zugestimmt hat.<\/li><li>Die Rechtseinr\u00e4umung wird erst wirksam, wenn der Kunde die geschuldete Verg\u00fctung vollst\u00e4ndig geleistet hat. Der Verk\u00e4ufer kann eine Benutzung der vertragsgegenst\u00e4ndlichen Inhalte auch schon vor diesem Zeitpunkt vorl\u00e4ufig erlauben. Ein \u00dcbergang der Rechte findet durch eine solche vorl\u00e4ufige Erlaubnis nicht statt.<\/li><\/ol><\/li><\/ol><ol start=\"7\"><li><b><\/b><b>Eigentumsvorbehalt<\/b><\/li><\/ol><p>Tritt der Verk\u00e4ufer in Vorleistung, beh\u00e4lt er sich bis zur vollst\u00e4ndigen Bezahlung des geschuldeten Kaufpreises das Eigentum an der gelieferten Ware vor.<\/p><ol start=\"8\"><li><b><\/b><b>M\u00e4ngelhaftung<\/b><\/li><\/ol><ol><li style=\"list-style-type: none;\"><ol><li>Ist die Kaufsache mangelhaft, gelten die Vorschriften der gesetzlichen M\u00e4ngelhaftung.<span class=\"Apple-converted-space\">\u00a0<\/span><\/li><li>Handelt der Kunde als Verbraucher, so wird er gebeten, angelieferte Waren mit offensichtlichen Transportsch\u00e4den bei dem Zusteller zu reklamieren und den Verk\u00e4ufer hiervon in Kenntnis zu setzen. Kommt der Kunde dem nicht nach, hat dies keinerlei Auswirkungen auf seine gesetzlichen oder vertraglichen M\u00e4ngelanspr\u00fcche.<\/li><\/ol><\/li><\/ol><ol start=\"9\"><li><b><\/b><b>Anwendbares Recht<\/b><\/li><\/ol><p>F\u00fcr s\u00e4mtliche Rechtsbeziehungen der Parteien gilt das Recht der Bundesrepublik Deutschland unter Ausschluss der Gesetze \u00fcber den internationalen Kauf beweglicher Waren. Bei Verbrauchern gilt diese Rechtswahl nur insoweit, als nicht der gew\u00e4hrte Schutz durch zwingende Bestimmungen des Rechts des Staates, in dem der Verbraucher seinen gew\u00f6hnlichen Aufenthalt hat, entzogen wird.<\/p><ol start=\"10\"><li><b><\/b><b>Alternative Streitbeilegung<\/b><\/li><\/ol><ol><li style=\"list-style-type: none;\"><ol><li>Die EU-Kommission stellt im Internet unter folgendem Link eine Plattform zur Online-Streitbeilegung bereit: http:\/\/ec.europa.eu\/consumers\/odr<\/li><\/ol><\/li><\/ol><p>Diese Plattform dient als Anlaufstelle zur au\u00dfergerichtlichen Beilegung von Streitigkeiten aus Online-Kauf- oder Dienstleistungsvertr\u00e4gen, an denen ein Verbraucher beteiligt ist.<\/p><ol start=\"10\"><li style=\"list-style-type: none;\"><ol start=\"2\"><li>Der Verk\u00e4ufer ist zur Teilnahme an einem Streitbeilegungsverfahren vor einer Verbraucherschlichtungsstelle weder verpflichtet noch bereit.<\/li><\/ol><\/li><\/ol><p>\u00a0<\/p>\t\t\t\t\t\t\t\t<\/div>\n\t\t\t\t<\/div>\n\t\t\t\t\t<\/div>\n\t\t<\/div>\n\t\t\t\t\t<\/div>\n\t\t<\/section>\n\t\t\t\t<\/div>\n\t\t","protected":false},"excerpt":{"rendered":"<p>Allgemeine Gesch\u00e4ftsbedingungen mit Kundeninformationen Geltungsbereich Diese Allgemeinen Gesch\u00e4ftsbedingungen (nachfolgend \u201eAGB\u201c) der Ender Javier Rangel Vielma &nbsp;(nachfolgend \u201eVerk\u00e4ufer\u201c), gelten f\u00fcr alle Vertr\u00e4ge \u00fcber die Lieferung von Waren, die ein Verbraucher oder Unternehmer (nachfolgend \u201eKunde\u201c) mit dem Verk\u00e4ufer hinsichtlich der vom Verk\u00e4ufer auf der Internet-Handelsplattform www.tin-tonton.com (nachfolgend \u201eTin-tonton\u201c) dargestellten Waren abschlie\u00dft. Hiermit wird der Einbeziehung von eigenen [&hellip;]<\/p>\n","protected":false},"author":1,"featured_media":0,"parent":0,"menu_order":0,"comment_status":"closed","ping_status":"closed","template":"","meta":{"footnotes":""},"class_list":["post-4660","page","type-page","status-publish","hentry"],"_links":{"self":[{"href":"https:\/\/tin-tonton.com\/es\/wp-json\/wp\/v2\/pages\/4660","targetHints":{"allow":["GET"]}}],"collection":[{"href":"https:\/\/tin-tonton.com\/es\/wp-json\/wp\/v2\/pages"}],"about":[{"href":"https:\/\/tin-tonton.com\/es\/wp-json\/wp\/v2\/types\/page"}],"author":[{"embeddable":true,"href":"https:\/\/tin-tonton.com\/es\/wp-json\/wp\/v2\/users\/1"}],"replies":[{"embeddable":true,"href":"https:\/\/tin-tonton.com\/es\/wp-json\/wp\/v2\/comments?post=4660"}],"version-history":[{"count":8,"href":"https:\/\/tin-tonton.com\/es\/wp-json\/wp\/v2\/pages\/4660\/revisions"}],"predecessor-version":[{"id":4670,"href":"https:\/\/tin-tonton.com\/es\/wp-json\/wp\/v2\/pages\/4660\/revisions\/4670"}],"wp:attachment":[{"href":"https:\/\/tin-tonton.com\/es\/wp-json\/wp\/v2\/media?parent=4660"}],"curies":[{"name":"wp","href":"https:\/\/api.w.org\/{rel}","templated":true}]}}