{"id":2069,"date":"2020-12-29T16:56:33","date_gmt":"2020-12-29T15:56:33","guid":{"rendered":"https:\/\/tin-tonton.com\/?page_id=2069"},"modified":"2021-01-27T10:56:26","modified_gmt":"2021-01-27T09:56:26","slug":"vende-un-instrumento","status":"publish","type":"page","link":"https:\/\/tin-tonton.com\/es\/vende-un-instrumento\/","title":{"rendered":"!Vende un Instrumento!"},"content":{"rendered":"\t\t<div data-elementor-type=\"wp-page\" data-elementor-id=\"2069\" class=\"elementor elementor-2069 elementor-1174\">\n\t\t\t\t\t\t<section class=\"elementor-section elementor-top-section elementor-element elementor-element-9598b97 elementor-section-boxed elementor-section-height-default elementor-section-height-default\" data-id=\"9598b97\" data-element_type=\"section\">\n\t\t\t\t\t\t<div class=\"elementor-container elementor-column-gap-default\">\n\t\t\t\t\t<div class=\"elementor-column elementor-col-50 elementor-top-column elementor-element elementor-element-ee3b0a5\" data-id=\"ee3b0a5\" data-element_type=\"column\">\n\t\t\t<div class=\"elementor-widget-wrap elementor-element-populated\">\n\t\t\t\t\t\t<div class=\"elementor-element elementor-element-2029052 elementor-widget elementor-widget-text-editor\" data-id=\"2029052\" data-element_type=\"widget\" data-widget_type=\"text-editor.default\">\n\t\t\t\t<div class=\"elementor-widget-container\">\n\t\t\t\t\t\t\t\t\t<p>1.- Crea una CUENTA DE VENDEDOR GRATUITA en menos de 2 minutos.<\/p><p><a href=\"https:\/\/tin-tonton.com\/es\/crea-una-cuenta-de-vendedor\/\"><i><u>ac\u00e1 te explicamos c\u00f3mo<\/u><\/i><\/a><\/p>\t\t\t\t\t\t\t\t<\/div>\n\t\t\t\t<\/div>\n\t\t\t\t\t<\/div>\n\t\t<\/div>\n\t\t\t\t<div class=\"elementor-column elementor-col-50 elementor-top-column elementor-element elementor-element-9c75240\" data-id=\"9c75240\" data-element_type=\"column\">\n\t\t\t<div class=\"elementor-widget-wrap elementor-element-populated\">\n\t\t\t\t\t\t<div class=\"elementor-element elementor-element-3eea223 elementor-widget elementor-widget-text-editor\" data-id=\"3eea223\" data-element_type=\"widget\" data-widget_type=\"text-editor.default\">\n\t\t\t\t<div class=\"elementor-widget-container\">\n\t\t\t\t\t\t\t\t\t<p>2.- Haz click en \u00abAgregar Partituras \/ Accesorios\u00bb<\/p>\t\t\t\t\t\t\t\t<\/div>\n\t\t\t\t<\/div>\n\t\t\t\t\t<\/div>\n\t\t<\/div>\n\t\t\t\t\t<\/div>\n\t\t<\/section>\n\t\t\t\t<section class=\"elementor-section elementor-top-section elementor-element elementor-element-72f4aaa elementor-section-boxed elementor-section-height-default elementor-section-height-default\" data-id=\"72f4aaa\" data-element_type=\"section\">\n\t\t\t\t\t\t<div class=\"elementor-container elementor-column-gap-default\">\n\t\t\t\t\t<div class=\"elementor-column elementor-col-50 elementor-top-column elementor-element elementor-element-f31420e\" data-id=\"f31420e\" data-element_type=\"column\">\n\t\t\t<div class=\"elementor-widget-wrap elementor-element-populated\">\n\t\t\t\t\t\t<div class=\"elementor-element elementor-element-6b51b15 elementor-widget elementor-widget-image\" data-id=\"6b51b15\" data-element_type=\"widget\" data-widget_type=\"image.default\">\n\t\t\t\t<div class=\"elementor-widget-container\">\n\t\t\t\t\t\t\t\t\t\t\t\t\t\t\t<img fetchpriority=\"high\" decoding=\"async\" width=\"826\" height=\"1024\" src=\"https:\/\/tin-tonton.com\/wp-content\/uploads\/2020\/12\/IMG_2196-826x1024.jpg\" class=\"attachment-large size-large wp-image-2733\" alt=\"\" srcset=\"https:\/\/tin-tonton.com\/wp-content\/uploads\/2020\/12\/IMG_2196-826x1024.jpg 826w, https:\/\/tin-tonton.com\/wp-content\/uploads\/2020\/12\/IMG_2196-242x300.jpg 242w, https:\/\/tin-tonton.com\/wp-content\/uploads\/2020\/12\/IMG_2196-768x952.jpg 768w, https:\/\/tin-tonton.com\/wp-content\/uploads\/2020\/12\/IMG_2196-1239x1536.jpg 1239w, https:\/\/tin-tonton.com\/wp-content\/uploads\/2020\/12\/IMG_2196-1652x2048.jpg 1652w, https:\/\/tin-tonton.com\/wp-content\/uploads\/2020\/12\/IMG_2196-457x567.jpg 457w, https:\/\/tin-tonton.com\/wp-content\/uploads\/2020\/12\/IMG_2196.jpg 2048w\" sizes=\"(max-width: 826px) 100vw, 826px\" \/>\t\t\t\t\t\t\t\t\t\t\t\t\t\t\t<\/div>\n\t\t\t\t<\/div>\n\t\t\t\t\t<\/div>\n\t\t<\/div>\n\t\t\t\t<div class=\"elementor-column elementor-col-50 elementor-top-column elementor-element elementor-element-906a2bc\" data-id=\"906a2bc\" data-element_type=\"column\">\n\t\t\t<div class=\"elementor-widget-wrap elementor-element-populated\">\n\t\t\t\t\t\t<div class=\"elementor-element elementor-element-57975d0 elementor-widget elementor-widget-image\" data-id=\"57975d0\" data-element_type=\"widget\" data-widget_type=\"image.default\">\n\t\t\t\t<div class=\"elementor-widget-container\">\n\t\t\t\t\t\t\t\t\t\t\t\t\t\t\t<img decoding=\"async\" width=\"808\" height=\"1024\" src=\"https:\/\/tin-tonton.com\/wp-content\/uploads\/2021\/01\/Vender-partitura-2-Espanol-1-808x1024.jpg\" class=\"attachment-large size-large wp-image-4513\" alt=\"\" srcset=\"https:\/\/tin-tonton.com\/wp-content\/uploads\/2021\/01\/Vender-partitura-2-Espanol-1-808x1024.jpg 808w, https:\/\/tin-tonton.com\/wp-content\/uploads\/2021\/01\/Vender-partitura-2-Espanol-1-237x300.jpg 237w, https:\/\/tin-tonton.com\/wp-content\/uploads\/2021\/01\/Vender-partitura-2-Espanol-1-768x974.jpg 768w, https:\/\/tin-tonton.com\/wp-content\/uploads\/2021\/01\/Vender-partitura-2-Espanol-1-1212x1536.jpg 1212w, https:\/\/tin-tonton.com\/wp-content\/uploads\/2021\/01\/Vender-partitura-2-Espanol-1-1616x2048.jpg 1616w, https:\/\/tin-tonton.com\/wp-content\/uploads\/2021\/01\/Vender-partitura-2-Espanol-1-457x579.jpg 457w, https:\/\/tin-tonton.com\/wp-content\/uploads\/2021\/01\/Vender-partitura-2-Espanol-1-scaled.jpg 2020w\" sizes=\"(max-width: 808px) 100vw, 808px\" \/>\t\t\t\t\t\t\t\t\t\t\t\t\t\t\t<\/div>\n\t\t\t\t<\/div>\n\t\t\t\t\t<\/div>\n\t\t<\/div>\n\t\t\t\t\t<\/div>\n\t\t<\/section>\n\t\t\t\t<section class=\"elementor-section elementor-top-section elementor-element elementor-element-8b82029 elementor-section-boxed elementor-section-height-default elementor-section-height-default\" data-id=\"8b82029\" data-element_type=\"section\">\n\t\t\t\t\t\t<div class=\"elementor-container elementor-column-gap-default\">\n\t\t\t\t\t<div class=\"elementor-column elementor-col-100 elementor-top-column elementor-element elementor-element-e50047d\" data-id=\"e50047d\" data-element_type=\"column\">\n\t\t\t<div class=\"elementor-widget-wrap elementor-element-populated\">\n\t\t\t\t\t\t<div class=\"elementor-element elementor-element-a0a0d53 elementor-widget elementor-widget-spacer\" data-id=\"a0a0d53\" data-element_type=\"widget\" data-widget_type=\"spacer.default\">\n\t\t\t\t<div class=\"elementor-widget-container\">\n\t\t\t\t\t\t\t<div class=\"elementor-spacer\">\n\t\t\t<div class=\"elementor-spacer-inner\"><\/div>\n\t\t<\/div>\n\t\t\t\t\t\t<\/div>\n\t\t\t\t<\/div>\n\t\t\t\t\t<\/div>\n\t\t<\/div>\n\t\t\t\t\t<\/div>\n\t\t<\/section>\n\t\t\t\t<section class=\"elementor-section elementor-top-section elementor-element elementor-element-08de9d7 elementor-section-boxed elementor-section-height-default elementor-section-height-default\" data-id=\"08de9d7\" data-element_type=\"section\">\n\t\t\t\t\t\t<div class=\"elementor-container elementor-column-gap-default\">\n\t\t\t\t\t<div class=\"elementor-column elementor-col-50 elementor-top-column elementor-element elementor-element-0224040\" data-id=\"0224040\" data-element_type=\"column\">\n\t\t\t<div class=\"elementor-widget-wrap elementor-element-populated\">\n\t\t\t\t\t\t<div class=\"elementor-element elementor-element-35313e6 elementor-widget elementor-widget-text-editor\" data-id=\"35313e6\" data-element_type=\"widget\" data-widget_type=\"text-editor.default\">\n\t\t\t\t<div class=\"elementor-widget-container\">\n\t\t\t\t\t\t\t\t\t<p>3.- Sube fotos del instrumento y completa el formulario con informaci\u00f3n importante sobre el intrumento (por ejemplo: luthier, a\u00f1o de construcci\u00f3n, tama\u00f1o, estado del instrumento, etc&#8230; )<\/p>\n\t\t\t\t\t\t\t\t<\/div>\n\t\t\t\t<\/div>\n\t\t\t\t\t<\/div>\n\t\t<\/div>\n\t\t\t\t<div class=\"elementor-column elementor-col-50 elementor-top-column elementor-element elementor-element-39ad8bc\" data-id=\"39ad8bc\" data-element_type=\"column\">\n\t\t\t<div class=\"elementor-widget-wrap elementor-element-populated\">\n\t\t\t\t\t\t<div class=\"elementor-element elementor-element-629266d elementor-widget elementor-widget-text-editor\" data-id=\"629266d\" data-element_type=\"widget\" data-widget_type=\"text-editor.default\">\n\t\t\t\t<div class=\"elementor-widget-container\">\n\t\t\t\t\t\t\t\t\t<p>4.- Establece el precio de venta del instrumento a vender y env\u00eda la publicaci\u00f3n a revis\u00f3n para ser publicado.<\/p>\n\t\t\t\t\t\t\t\t<\/div>\n\t\t\t\t<\/div>\n\t\t\t\t\t<\/div>\n\t\t<\/div>\n\t\t\t\t\t<\/div>\n\t\t<\/section>\n\t\t\t\t<section class=\"elementor-section elementor-top-section elementor-element elementor-element-d932335 elementor-section-boxed elementor-section-height-default elementor-section-height-default\" data-id=\"d932335\" data-element_type=\"section\">\n\t\t\t\t\t\t<div class=\"elementor-container elementor-column-gap-default\">\n\t\t\t\t\t<div class=\"elementor-column elementor-col-50 elementor-top-column elementor-element elementor-element-0e61eec\" data-id=\"0e61eec\" data-element_type=\"column\">\n\t\t\t<div class=\"elementor-widget-wrap elementor-element-populated\">\n\t\t\t\t\t\t<div class=\"elementor-element elementor-element-5894ab7 elementor-widget elementor-widget-image\" data-id=\"5894ab7\" data-element_type=\"widget\" data-widget_type=\"image.default\">\n\t\t\t\t<div class=\"elementor-widget-container\">\n\t\t\t\t\t\t\t\t\t\t\t\t\t\t\t<img decoding=\"async\" width=\"781\" height=\"1024\" src=\"https:\/\/tin-tonton.com\/wp-content\/uploads\/2020\/12\/IMG_2249-781x1024.jpg\" class=\"attachment-large size-large wp-image-2768\" alt=\"\" srcset=\"https:\/\/tin-tonton.com\/wp-content\/uploads\/2020\/12\/IMG_2249-781x1024.jpg 781w, https:\/\/tin-tonton.com\/wp-content\/uploads\/2020\/12\/IMG_2249-229x300.jpg 229w, https:\/\/tin-tonton.com\/wp-content\/uploads\/2020\/12\/IMG_2249-768x1007.jpg 768w, https:\/\/tin-tonton.com\/wp-content\/uploads\/2020\/12\/IMG_2249-1172x1536.jpg 1172w, https:\/\/tin-tonton.com\/wp-content\/uploads\/2020\/12\/IMG_2249-1563x2048.jpg 1563w, https:\/\/tin-tonton.com\/wp-content\/uploads\/2020\/12\/IMG_2249-457x599.jpg 457w, https:\/\/tin-tonton.com\/wp-content\/uploads\/2020\/12\/IMG_2249-scaled.jpg 1953w\" sizes=\"(max-width: 781px) 100vw, 781px\" \/>\t\t\t\t\t\t\t\t\t\t\t\t\t\t\t<\/div>\n\t\t\t\t<\/div>\n\t\t\t\t\t<\/div>\n\t\t<\/div>\n\t\t\t\t<div class=\"elementor-column elementor-col-50 elementor-top-column elementor-element elementor-element-06b5822\" data-id=\"06b5822\" data-element_type=\"column\">\n\t\t\t<div class=\"elementor-widget-wrap elementor-element-populated\">\n\t\t\t\t\t\t<div class=\"elementor-element elementor-element-78a21c6 elementor-widget elementor-widget-image\" data-id=\"78a21c6\" data-element_type=\"widget\" data-widget_type=\"image.default\">\n\t\t\t\t<div class=\"elementor-widget-container\">\n\t\t\t\t\t\t\t\t\t\t\t\t\t\t\t<img loading=\"lazy\" decoding=\"async\" width=\"781\" height=\"1024\" src=\"https:\/\/tin-tonton.com\/wp-content\/uploads\/2020\/12\/IMG_2250-781x1024.jpg\" class=\"attachment-large size-large wp-image-2765\" alt=\"\" srcset=\"https:\/\/tin-tonton.com\/wp-content\/uploads\/2020\/12\/IMG_2250-781x1024.jpg 781w, https:\/\/tin-tonton.com\/wp-content\/uploads\/2020\/12\/IMG_2250-229x300.jpg 229w, https:\/\/tin-tonton.com\/wp-content\/uploads\/2020\/12\/IMG_2250-768x1007.jpg 768w, https:\/\/tin-tonton.com\/wp-content\/uploads\/2020\/12\/IMG_2250-1172x1536.jpg 1172w, https:\/\/tin-tonton.com\/wp-content\/uploads\/2020\/12\/IMG_2250-1563x2048.jpg 1563w, https:\/\/tin-tonton.com\/wp-content\/uploads\/2020\/12\/IMG_2250-457x599.jpg 457w, https:\/\/tin-tonton.com\/wp-content\/uploads\/2020\/12\/IMG_2250-scaled.jpg 1953w\" sizes=\"(max-width: 781px) 100vw, 781px\" \/>\t\t\t\t\t\t\t\t\t\t\t\t\t\t\t<\/div>\n\t\t\t\t<\/div>\n\t\t\t\t\t<\/div>\n\t\t<\/div>\n\t\t\t\t\t<\/div>\n\t\t<\/section>\n\t\t\t\t<section class=\"elementor-section elementor-top-section elementor-element elementor-element-9052ffa elementor-section-boxed elementor-section-height-default elementor-section-height-default\" data-id=\"9052ffa\" data-element_type=\"section\">\n\t\t\t\t\t\t<div class=\"elementor-container elementor-column-gap-default\">\n\t\t\t\t\t<div class=\"elementor-column elementor-col-100 elementor-top-column elementor-element elementor-element-1aaa19c\" data-id=\"1aaa19c\" data-element_type=\"column\">\n\t\t\t<div class=\"elementor-widget-wrap elementor-element-populated\">\n\t\t\t\t\t\t<div class=\"elementor-element elementor-element-e0adef0 elementor-widget elementor-widget-spacer\" data-id=\"e0adef0\" data-element_type=\"widget\" data-widget_type=\"spacer.default\">\n\t\t\t\t<div class=\"elementor-widget-container\">\n\t\t\t\t\t\t\t<div class=\"elementor-spacer\">\n\t\t\t<div class=\"elementor-spacer-inner\"><\/div>\n\t\t<\/div>\n\t\t\t\t\t\t<\/div>\n\t\t\t\t<\/div>\n\t\t\t\t\t<\/div>\n\t\t<\/div>\n\t\t\t\t\t<\/div>\n\t\t<\/section>\n\t\t\t\t<section class=\"elementor-section elementor-top-section elementor-element elementor-element-0c1ad0a elementor-section-boxed elementor-section-height-default elementor-section-height-default\" data-id=\"0c1ad0a\" data-element_type=\"section\">\n\t\t\t\t\t\t<div class=\"elementor-container elementor-column-gap-default\">\n\t\t\t\t\t<div class=\"elementor-column elementor-col-50 elementor-top-column elementor-element elementor-element-8694ab2\" data-id=\"8694ab2\" data-element_type=\"column\">\n\t\t\t<div class=\"elementor-widget-wrap elementor-element-populated\">\n\t\t\t\t\t\t<div class=\"elementor-element elementor-element-3c8e87c elementor-widget elementor-widget-text-editor\" data-id=\"3c8e87c\" data-element_type=\"widget\" data-widget_type=\"text-editor.default\">\n\t\t\t\t<div class=\"elementor-widget-container\">\n\t\t\t\t\t\t\t\t\t<p>5.- !Y listo! Siempre podr\u00e1s modificar la informaci\u00f3n sobre tu instrumento o retirar el aviso cuando lo desees.<\/p>\n\t\t\t\t\t\t\t\t<\/div>\n\t\t\t\t<\/div>\n\t\t\t\t\t<\/div>\n\t\t<\/div>\n\t\t\t\t<div class=\"elementor-column elementor-col-50 elementor-top-column elementor-element elementor-element-b6e7de5\" data-id=\"b6e7de5\" data-element_type=\"column\">\n\t\t\t<div class=\"elementor-widget-wrap elementor-element-populated\">\n\t\t\t\t\t\t<div class=\"elementor-element elementor-element-e137687 elementor-widget elementor-widget-text-editor\" data-id=\"e137687\" data-element_type=\"widget\" data-widget_type=\"text-editor.default\">\n\t\t\t\t<div class=\"elementor-widget-container\">\n\t\t\t\t\t\t\t\t\t<p>!Bravo! !As\u00ed se ver\u00e1 tu publicaci\u00f3n una vez concluida!<\/p>\n\t\t\t\t\t\t\t\t<\/div>\n\t\t\t\t<\/div>\n\t\t\t\t\t<\/div>\n\t\t<\/div>\n\t\t\t\t\t<\/div>\n\t\t<\/section>\n\t\t\t\t<section class=\"elementor-section elementor-top-section elementor-element elementor-element-e5f0ad5 elementor-section-boxed elementor-section-height-default elementor-section-height-default\" data-id=\"e5f0ad5\" data-element_type=\"section\">\n\t\t\t\t\t\t<div class=\"elementor-container elementor-column-gap-default\">\n\t\t\t\t\t<div class=\"elementor-column elementor-col-50 elementor-top-column elementor-element elementor-element-8ae799b\" data-id=\"8ae799b\" data-element_type=\"column\">\n\t\t\t<div class=\"elementor-widget-wrap elementor-element-populated\">\n\t\t\t\t\t\t<div class=\"elementor-element elementor-element-4214a4a elementor-widget elementor-widget-image\" data-id=\"4214a4a\" data-element_type=\"widget\" data-widget_type=\"image.default\">\n\t\t\t\t<div class=\"elementor-widget-container\">\n\t\t\t\t\t\t\t\t\t\t\t\t\t\t\t<img loading=\"lazy\" decoding=\"async\" width=\"779\" height=\"1024\" src=\"https:\/\/tin-tonton.com\/wp-content\/uploads\/2020\/12\/IMG_2252-779x1024.jpg\" class=\"attachment-large size-large wp-image-2762\" alt=\"\" srcset=\"https:\/\/tin-tonton.com\/wp-content\/uploads\/2020\/12\/IMG_2252-779x1024.jpg 779w, https:\/\/tin-tonton.com\/wp-content\/uploads\/2020\/12\/IMG_2252-228x300.jpg 228w, https:\/\/tin-tonton.com\/wp-content\/uploads\/2020\/12\/IMG_2252-768x1010.jpg 768w, https:\/\/tin-tonton.com\/wp-content\/uploads\/2020\/12\/IMG_2252-1168x1536.jpg 1168w, https:\/\/tin-tonton.com\/wp-content\/uploads\/2020\/12\/IMG_2252-1557x2048.jpg 1557w, https:\/\/tin-tonton.com\/wp-content\/uploads\/2020\/12\/IMG_2252-457x601.jpg 457w, https:\/\/tin-tonton.com\/wp-content\/uploads\/2020\/12\/IMG_2252-scaled.jpg 1947w\" sizes=\"(max-width: 779px) 100vw, 779px\" \/>\t\t\t\t\t\t\t\t\t\t\t\t\t\t\t<\/div>\n\t\t\t\t<\/div>\n\t\t\t\t\t<\/div>\n\t\t<\/div>\n\t\t\t\t<div class=\"elementor-column elementor-col-50 elementor-top-column elementor-element elementor-element-d716ecd\" data-id=\"d716ecd\" data-element_type=\"column\">\n\t\t\t<div class=\"elementor-widget-wrap elementor-element-populated\">\n\t\t\t\t\t\t<div class=\"elementor-element elementor-element-b9fcdd0 elementor-widget elementor-widget-image\" data-id=\"b9fcdd0\" data-element_type=\"widget\" data-widget_type=\"image.default\">\n\t\t\t\t<div class=\"elementor-widget-container\">\n\t\t\t\t\t\t\t\t\t\t\t\t\t\t\t<img loading=\"lazy\" decoding=\"async\" width=\"781\" height=\"1024\" src=\"https:\/\/tin-tonton.com\/wp-content\/uploads\/2020\/12\/IMG_2253-781x1024.jpg\" class=\"attachment-large size-large wp-image-2759\" alt=\"\" srcset=\"https:\/\/tin-tonton.com\/wp-content\/uploads\/2020\/12\/IMG_2253-781x1024.jpg 781w, https:\/\/tin-tonton.com\/wp-content\/uploads\/2020\/12\/IMG_2253-229x300.jpg 229w, https:\/\/tin-tonton.com\/wp-content\/uploads\/2020\/12\/IMG_2253-768x1007.jpg 768w, https:\/\/tin-tonton.com\/wp-content\/uploads\/2020\/12\/IMG_2253-1172x1536.jpg 1172w, https:\/\/tin-tonton.com\/wp-content\/uploads\/2020\/12\/IMG_2253-1563x2048.jpg 1563w, https:\/\/tin-tonton.com\/wp-content\/uploads\/2020\/12\/IMG_2253-457x599.jpg 457w, https:\/\/tin-tonton.com\/wp-content\/uploads\/2020\/12\/IMG_2253-scaled.jpg 1953w\" sizes=\"(max-width: 781px) 100vw, 781px\" \/>\t\t\t\t\t\t\t\t\t\t\t\t\t\t\t<\/div>\n\t\t\t\t<\/div>\n\t\t\t\t\t<\/div>\n\t\t<\/div>\n\t\t\t\t\t<\/div>\n\t\t<\/section>\n\t\t\t\t<section class=\"elementor-section elementor-top-section elementor-element elementor-element-cae65c8 elementor-section-boxed elementor-section-height-default elementor-section-height-default\" data-id=\"cae65c8\" data-element_type=\"section\">\n\t\t\t\t\t\t<div class=\"elementor-container elementor-column-gap-default\">\n\t\t\t\t\t<div class=\"elementor-column elementor-col-50 elementor-top-column elementor-element elementor-element-acb3298\" data-id=\"acb3298\" data-element_type=\"column\">\n\t\t\t<div class=\"elementor-widget-wrap elementor-element-populated\">\n\t\t\t\t\t\t<div class=\"elementor-element elementor-element-3737961 elementor-align-center elementor-widget elementor-widget-button\" data-id=\"3737961\" data-element_type=\"widget\" data-widget_type=\"button.default\">\n\t\t\t\t<div class=\"elementor-widget-container\">\n\t\t\t\t\t\t\t\t\t<div class=\"elementor-button-wrapper\">\n\t\t\t\t\t<a class=\"elementor-button elementor-button-link elementor-size-sm\" href=\"https:\/\/tin-tonton.com\/es\/crea-una-cuenta-de-vendedor\/\">\n\t\t\t\t\t\t<span class=\"elementor-button-content-wrapper\">\n\t\t\t\t\t\t<span class=\"elementor-button-icon\">\n\t\t\t\t<i aria-hidden=\"true\" class=\"far fa-hand-point-right\"><\/i>\t\t\t<\/span>\n\t\t\t\t\t\t\t\t\t<span class=\"elementor-button-text\">!Crea una cuenta GRATUITA de vendedor!<\/span>\n\t\t\t\t\t<\/span>\n\t\t\t\t\t<\/a>\n\t\t\t\t<\/div>\n\t\t\t\t\t\t\t\t<\/div>\n\t\t\t\t<\/div>\n\t\t\t\t\t<\/div>\n\t\t<\/div>\n\t\t\t\t<div class=\"elementor-column elementor-col-50 elementor-top-column elementor-element elementor-element-1fd2991\" data-id=\"1fd2991\" data-element_type=\"column\">\n\t\t\t<div class=\"elementor-widget-wrap\">\n\t\t\t\t\t\t\t<\/div>\n\t\t<\/div>\n\t\t\t\t\t<\/div>\n\t\t<\/section>\n\t\t\t\t<\/div>\n\t\t","protected":false},"excerpt":{"rendered":"<p>1.- Crea una CUENTA DE VENDEDOR GRATUITA en menos de 2 minutos. ac\u00e1 te explicamos c\u00f3mo 2.- Haz click en \u00abAgregar Partituras \/ Accesorios\u00bb 3.- Sube fotos del instrumento y completa el formulario con informaci\u00f3n importante sobre el intrumento (por ejemplo: luthier, a\u00f1o de construcci\u00f3n, tama\u00f1o, estado del instrumento, etc&#8230; ) 4.- Establece el precio [&hellip;]<\/p>\n","protected":false},"author":1,"featured_media":0,"parent":0,"menu_order":0,"comment_status":"closed","ping_status":"closed","template":"","meta":{"footnotes":""},"class_list":["post-2069","page","type-page","status-publish","hentry"],"_links":{"self":[{"href":"https:\/\/tin-tonton.com\/es\/wp-json\/wp\/v2\/pages\/2069","targetHints":{"allow":["GET"]}}],"collection":[{"href":"https:\/\/tin-tonton.com\/es\/wp-json\/wp\/v2\/pages"}],"about":[{"href":"https:\/\/tin-tonton.com\/es\/wp-json\/wp\/v2\/types\/page"}],"author":[{"embeddable":true,"href":"https:\/\/tin-tonton.com\/es\/wp-json\/wp\/v2\/users\/1"}],"replies":[{"embeddable":true,"href":"https:\/\/tin-tonton.com\/es\/wp-json\/wp\/v2\/comments?post=2069"}],"version-history":[{"count":10,"href":"https:\/\/tin-tonton.com\/es\/wp-json\/wp\/v2\/pages\/2069\/revisions"}],"predecessor-version":[{"id":4589,"href":"https:\/\/tin-tonton.com\/es\/wp-json\/wp\/v2\/pages\/2069\/revisions\/4589"}],"wp:attachment":[{"href":"https:\/\/tin-tonton.com\/es\/wp-json\/wp\/v2\/media?parent=2069"}],"curies":[{"name":"wp","href":"https:\/\/api.w.org\/{rel}","templated":true}]}}