{"id":2066,"date":"2020-12-29T16:55:28","date_gmt":"2020-12-29T15:55:28","guid":{"rendered":"https:\/\/tin-tonton.com\/?page_id=2066"},"modified":"2021-01-27T10:55:26","modified_gmt":"2021-01-27T09:55:26","slug":"vende-tickets-para-tu-evento","status":"publish","type":"page","link":"https:\/\/tin-tonton.com\/es\/vende-tickets-para-tu-evento\/","title":{"rendered":"!Vende tickets para tu evento!"},"content":{"rendered":"\t\t<div data-elementor-type=\"wp-page\" data-elementor-id=\"2066\" class=\"elementor elementor-2066 elementor-1170\">\n\t\t\t\t\t\t<section class=\"elementor-section elementor-top-section elementor-element elementor-element-21d0dab elementor-section-boxed elementor-section-height-default elementor-section-height-default\" data-id=\"21d0dab\" data-element_type=\"section\">\n\t\t\t\t\t\t<div class=\"elementor-container elementor-column-gap-default\">\n\t\t\t\t\t<div class=\"elementor-column elementor-col-100 elementor-top-column elementor-element elementor-element-ee4a0f2\" data-id=\"ee4a0f2\" data-element_type=\"column\">\n\t\t\t<div class=\"elementor-widget-wrap elementor-element-populated\">\n\t\t\t\t\t\t<div class=\"elementor-element elementor-element-6cc7c08 elementor-widget elementor-widget-spacer\" data-id=\"6cc7c08\" data-element_type=\"widget\" data-widget_type=\"spacer.default\">\n\t\t\t\t<div class=\"elementor-widget-container\">\n\t\t\t\t\t\t\t<div class=\"elementor-spacer\">\n\t\t\t<div class=\"elementor-spacer-inner\"><\/div>\n\t\t<\/div>\n\t\t\t\t\t\t<\/div>\n\t\t\t\t<\/div>\n\t\t\t\t\t<\/div>\n\t\t<\/div>\n\t\t\t\t\t<\/div>\n\t\t<\/section>\n\t\t\t\t<section class=\"elementor-section elementor-top-section elementor-element elementor-element-da6850f elementor-section-boxed elementor-section-height-default elementor-section-height-default\" data-id=\"da6850f\" data-element_type=\"section\">\n\t\t\t\t\t\t<div class=\"elementor-container elementor-column-gap-default\">\n\t\t\t\t\t<div class=\"elementor-column elementor-col-50 elementor-top-column elementor-element elementor-element-b5c374a\" data-id=\"b5c374a\" data-element_type=\"column\">\n\t\t\t<div class=\"elementor-widget-wrap elementor-element-populated\">\n\t\t\t\t\t\t<div class=\"elementor-element elementor-element-1af9430 elementor-widget elementor-widget-text-editor\" data-id=\"1af9430\" data-element_type=\"widget\" data-widget_type=\"text-editor.default\">\n\t\t\t\t<div class=\"elementor-widget-container\">\n\t\t\t\t\t\t\t\t\t<p>1.- Crea una CUENTA DE VENDEDOR GRATUITA en menos de 2 minutos.<\/p><p><a href=\"https:\/\/tin-tonton.com\/es\/crea-una-cuenta-de-vendedor\/\"><i><u>ac\u00e1 te explicamos c\u00f3mo<\/u><\/i><\/a><\/p>\t\t\t\t\t\t\t\t<\/div>\n\t\t\t\t<\/div>\n\t\t\t\t\t<\/div>\n\t\t<\/div>\n\t\t\t\t<div class=\"elementor-column elementor-col-50 elementor-top-column elementor-element elementor-element-0f99e4f\" data-id=\"0f99e4f\" data-element_type=\"column\">\n\t\t\t<div class=\"elementor-widget-wrap elementor-element-populated\">\n\t\t\t\t\t\t<div class=\"elementor-element elementor-element-f382229 elementor-widget elementor-widget-text-editor\" data-id=\"f382229\" data-element_type=\"widget\" data-widget_type=\"text-editor.default\">\n\t\t\t\t<div class=\"elementor-widget-container\">\n\t\t\t\t\t\t\t\t\t<p>2.- Haz click en \u00abAgregar evento\u00bb.<\/p>\t\t\t\t\t\t\t\t<\/div>\n\t\t\t\t<\/div>\n\t\t\t\t\t<\/div>\n\t\t<\/div>\n\t\t\t\t\t<\/div>\n\t\t<\/section>\n\t\t\t\t<section class=\"elementor-section elementor-top-section elementor-element elementor-element-9ba2080 elementor-section-boxed elementor-section-height-default elementor-section-height-default\" data-id=\"9ba2080\" data-element_type=\"section\">\n\t\t\t\t\t\t<div class=\"elementor-container elementor-column-gap-default\">\n\t\t\t\t\t<div class=\"elementor-column elementor-col-50 elementor-top-column elementor-element elementor-element-72ab8f6\" data-id=\"72ab8f6\" data-element_type=\"column\">\n\t\t\t<div class=\"elementor-widget-wrap elementor-element-populated\">\n\t\t\t\t\t\t<div class=\"elementor-element elementor-element-1265cfc elementor-widget elementor-widget-image\" data-id=\"1265cfc\" data-element_type=\"widget\" data-widget_type=\"image.default\">\n\t\t\t\t<div class=\"elementor-widget-container\">\n\t\t\t\t\t\t\t\t\t\t\t\t\t\t\t<img fetchpriority=\"high\" decoding=\"async\" width=\"826\" height=\"1024\" src=\"https:\/\/tin-tonton.com\/wp-content\/uploads\/2020\/12\/IMG_2196-826x1024.jpg\" class=\"attachment-large size-large wp-image-2733\" alt=\"\" srcset=\"https:\/\/tin-tonton.com\/wp-content\/uploads\/2020\/12\/IMG_2196-826x1024.jpg 826w, https:\/\/tin-tonton.com\/wp-content\/uploads\/2020\/12\/IMG_2196-242x300.jpg 242w, https:\/\/tin-tonton.com\/wp-content\/uploads\/2020\/12\/IMG_2196-768x952.jpg 768w, https:\/\/tin-tonton.com\/wp-content\/uploads\/2020\/12\/IMG_2196-1239x1536.jpg 1239w, https:\/\/tin-tonton.com\/wp-content\/uploads\/2020\/12\/IMG_2196-1652x2048.jpg 1652w, https:\/\/tin-tonton.com\/wp-content\/uploads\/2020\/12\/IMG_2196-457x567.jpg 457w, https:\/\/tin-tonton.com\/wp-content\/uploads\/2020\/12\/IMG_2196.jpg 2048w\" sizes=\"(max-width: 826px) 100vw, 826px\" \/>\t\t\t\t\t\t\t\t\t\t\t\t\t\t\t<\/div>\n\t\t\t\t<\/div>\n\t\t\t\t\t<\/div>\n\t\t<\/div>\n\t\t\t\t<div class=\"elementor-column elementor-col-50 elementor-top-column elementor-element elementor-element-da07631\" data-id=\"da07631\" data-element_type=\"column\">\n\t\t\t<div class=\"elementor-widget-wrap elementor-element-populated\">\n\t\t\t\t\t\t<div class=\"elementor-element elementor-element-b749330 elementor-widget elementor-widget-image\" data-id=\"b749330\" data-element_type=\"widget\" data-widget_type=\"image.default\">\n\t\t\t\t<div class=\"elementor-widget-container\">\n\t\t\t\t\t\t\t\t\t\t\t\t\t\t\t<img decoding=\"async\" width=\"781\" height=\"1024\" src=\"https:\/\/tin-tonton.com\/wp-content\/uploads\/2021\/01\/Eventos-espanol-781x1024.jpg\" class=\"attachment-large size-large wp-image-4554\" alt=\"\" srcset=\"https:\/\/tin-tonton.com\/wp-content\/uploads\/2021\/01\/Eventos-espanol-781x1024.jpg 781w, https:\/\/tin-tonton.com\/wp-content\/uploads\/2021\/01\/Eventos-espanol-229x300.jpg 229w, https:\/\/tin-tonton.com\/wp-content\/uploads\/2021\/01\/Eventos-espanol-768x1007.jpg 768w, https:\/\/tin-tonton.com\/wp-content\/uploads\/2021\/01\/Eventos-espanol-1172x1536.jpg 1172w, https:\/\/tin-tonton.com\/wp-content\/uploads\/2021\/01\/Eventos-espanol-1563x2048.jpg 1563w, https:\/\/tin-tonton.com\/wp-content\/uploads\/2021\/01\/Eventos-espanol-457x599.jpg 457w, https:\/\/tin-tonton.com\/wp-content\/uploads\/2021\/01\/Eventos-espanol-scaled.jpg 1953w\" sizes=\"(max-width: 781px) 100vw, 781px\" \/>\t\t\t\t\t\t\t\t\t\t\t\t\t\t\t<\/div>\n\t\t\t\t<\/div>\n\t\t\t\t\t<\/div>\n\t\t<\/div>\n\t\t\t\t\t<\/div>\n\t\t<\/section>\n\t\t\t\t<section class=\"elementor-section elementor-top-section elementor-element elementor-element-894556a elementor-section-boxed elementor-section-height-default elementor-section-height-default\" data-id=\"894556a\" data-element_type=\"section\">\n\t\t\t\t\t\t<div class=\"elementor-container elementor-column-gap-default\">\n\t\t\t\t\t<div class=\"elementor-column elementor-col-100 elementor-top-column elementor-element elementor-element-074f191\" data-id=\"074f191\" data-element_type=\"column\">\n\t\t\t<div class=\"elementor-widget-wrap elementor-element-populated\">\n\t\t\t\t\t\t<div class=\"elementor-element elementor-element-2ce9232 elementor-widget elementor-widget-spacer\" data-id=\"2ce9232\" data-element_type=\"widget\" data-widget_type=\"spacer.default\">\n\t\t\t\t<div class=\"elementor-widget-container\">\n\t\t\t\t\t\t\t<div class=\"elementor-spacer\">\n\t\t\t<div class=\"elementor-spacer-inner\"><\/div>\n\t\t<\/div>\n\t\t\t\t\t\t<\/div>\n\t\t\t\t<\/div>\n\t\t\t\t\t<\/div>\n\t\t<\/div>\n\t\t\t\t\t<\/div>\n\t\t<\/section>\n\t\t\t\t<section class=\"elementor-section elementor-top-section elementor-element elementor-element-8a73c5f elementor-section-boxed elementor-section-height-default elementor-section-height-default\" data-id=\"8a73c5f\" data-element_type=\"section\">\n\t\t\t\t\t\t<div class=\"elementor-container elementor-column-gap-default\">\n\t\t\t\t\t<div class=\"elementor-column elementor-col-50 elementor-top-column elementor-element elementor-element-c4c1ca6\" data-id=\"c4c1ca6\" data-element_type=\"column\">\n\t\t\t<div class=\"elementor-widget-wrap elementor-element-populated\">\n\t\t\t\t\t\t<div class=\"elementor-element elementor-element-52767e3 elementor-widget elementor-widget-text-editor\" data-id=\"52767e3\" data-element_type=\"widget\" data-widget_type=\"text-editor.default\">\n\t\t\t\t<div class=\"elementor-widget-container\">\n\t\t\t\t\t\t\t\t\t<p>3.- Completa el formulario con informaci\u00f3n relevante sobre tu evento (por ejemplo: fecha, lugar, hora, fotos, descripci\u00f3n, precio de los tickets, tipos de tickets, etc&#8230;)<\/p>\n\t\t\t\t\t\t\t\t<\/div>\n\t\t\t\t<\/div>\n\t\t\t\t\t<\/div>\n\t\t<\/div>\n\t\t\t\t<div class=\"elementor-column elementor-col-50 elementor-top-column elementor-element elementor-element-e348e7c\" data-id=\"e348e7c\" data-element_type=\"column\">\n\t\t\t<div class=\"elementor-widget-wrap elementor-element-populated\">\n\t\t\t\t\t\t<div class=\"elementor-element elementor-element-0990210 elementor-widget elementor-widget-text-editor\" data-id=\"0990210\" data-element_type=\"widget\" data-widget_type=\"text-editor.default\">\n\t\t\t\t<div class=\"elementor-widget-container\">\n\t\t\t\t\t\t\t\t\t<p style=\"caret-color: #000000; color: #000000; font-size: 17.600000381469727px; text-align: center;\">4.- Integra tu plataforma preferida de Streasming (en caso de eventos virtuales) simplemetne agregando el Link de transmisi\u00f3n.<\/p>\n<div> <\/div>\n\t\t\t\t\t\t\t\t<\/div>\n\t\t\t\t<\/div>\n\t\t\t\t\t<\/div>\n\t\t<\/div>\n\t\t\t\t\t<\/div>\n\t\t<\/section>\n\t\t\t\t<section class=\"elementor-section elementor-top-section elementor-element elementor-element-77111d6 elementor-section-boxed elementor-section-height-default elementor-section-height-default\" data-id=\"77111d6\" data-element_type=\"section\">\n\t\t\t\t\t\t<div class=\"elementor-container elementor-column-gap-default\">\n\t\t\t\t\t<div class=\"elementor-column elementor-col-50 elementor-top-column elementor-element elementor-element-13a9ca4\" data-id=\"13a9ca4\" data-element_type=\"column\">\n\t\t\t<div class=\"elementor-widget-wrap elementor-element-populated\">\n\t\t\t\t\t\t<div class=\"elementor-element elementor-element-f28730f elementor-widget elementor-widget-image\" data-id=\"f28730f\" data-element_type=\"widget\" data-widget_type=\"image.default\">\n\t\t\t\t<div class=\"elementor-widget-container\">\n\t\t\t\t\t\t\t\t\t\t\t\t\t\t\t<img decoding=\"async\" width=\"787\" height=\"1024\" src=\"https:\/\/tin-tonton.com\/wp-content\/uploads\/2020\/12\/IMG_2192-787x1024.jpg\" class=\"attachment-large size-large wp-image-2798\" alt=\"\" srcset=\"https:\/\/tin-tonton.com\/wp-content\/uploads\/2020\/12\/IMG_2192-787x1024.jpg 787w, https:\/\/tin-tonton.com\/wp-content\/uploads\/2020\/12\/IMG_2192-231x300.jpg 231w, https:\/\/tin-tonton.com\/wp-content\/uploads\/2020\/12\/IMG_2192-768x999.jpg 768w, https:\/\/tin-tonton.com\/wp-content\/uploads\/2020\/12\/IMG_2192-1181x1536.jpg 1181w, https:\/\/tin-tonton.com\/wp-content\/uploads\/2020\/12\/IMG_2192-1574x2048.jpg 1574w, https:\/\/tin-tonton.com\/wp-content\/uploads\/2020\/12\/IMG_2192-457x594.jpg 457w, https:\/\/tin-tonton.com\/wp-content\/uploads\/2020\/12\/IMG_2192-scaled.jpg 1968w\" sizes=\"(max-width: 787px) 100vw, 787px\" \/>\t\t\t\t\t\t\t\t\t\t\t\t\t\t\t<\/div>\n\t\t\t\t<\/div>\n\t\t\t\t\t<\/div>\n\t\t<\/div>\n\t\t\t\t<div class=\"elementor-column elementor-col-50 elementor-top-column elementor-element elementor-element-20fd4b4\" data-id=\"20fd4b4\" data-element_type=\"column\">\n\t\t\t<div class=\"elementor-widget-wrap elementor-element-populated\">\n\t\t\t\t\t\t<div class=\"elementor-element elementor-element-ab30ebb elementor-widget elementor-widget-image\" data-id=\"ab30ebb\" data-element_type=\"widget\" data-widget_type=\"image.default\">\n\t\t\t\t<div class=\"elementor-widget-container\">\n\t\t\t\t\t\t\t\t\t\t\t\t\t\t\t<img loading=\"lazy\" decoding=\"async\" width=\"793\" height=\"1024\" src=\"https:\/\/tin-tonton.com\/wp-content\/uploads\/2020\/12\/IMG_2197-793x1024.jpg\" class=\"attachment-large size-large wp-image-2795\" alt=\"\" srcset=\"https:\/\/tin-tonton.com\/wp-content\/uploads\/2020\/12\/IMG_2197-793x1024.jpg 793w, https:\/\/tin-tonton.com\/wp-content\/uploads\/2020\/12\/IMG_2197-232x300.jpg 232w, https:\/\/tin-tonton.com\/wp-content\/uploads\/2020\/12\/IMG_2197-768x992.jpg 768w, https:\/\/tin-tonton.com\/wp-content\/uploads\/2020\/12\/IMG_2197-1189x1536.jpg 1189w, https:\/\/tin-tonton.com\/wp-content\/uploads\/2020\/12\/IMG_2197-1585x2048.jpg 1585w, https:\/\/tin-tonton.com\/wp-content\/uploads\/2020\/12\/IMG_2197-457x590.jpg 457w, https:\/\/tin-tonton.com\/wp-content\/uploads\/2020\/12\/IMG_2197-scaled.jpg 1981w\" sizes=\"(max-width: 793px) 100vw, 793px\" \/>\t\t\t\t\t\t\t\t\t\t\t\t\t\t\t<\/div>\n\t\t\t\t<\/div>\n\t\t\t\t\t<\/div>\n\t\t<\/div>\n\t\t\t\t\t<\/div>\n\t\t<\/section>\n\t\t\t\t<section class=\"elementor-section elementor-top-section elementor-element elementor-element-9f4efcc elementor-section-boxed elementor-section-height-default elementor-section-height-default\" data-id=\"9f4efcc\" data-element_type=\"section\">\n\t\t\t\t\t\t<div class=\"elementor-container elementor-column-gap-default\">\n\t\t\t\t\t<div class=\"elementor-column elementor-col-100 elementor-top-column elementor-element elementor-element-f6cda04\" data-id=\"f6cda04\" data-element_type=\"column\">\n\t\t\t<div class=\"elementor-widget-wrap elementor-element-populated\">\n\t\t\t\t\t\t<div class=\"elementor-element elementor-element-6024a76 elementor-widget elementor-widget-spacer\" data-id=\"6024a76\" data-element_type=\"widget\" data-widget_type=\"spacer.default\">\n\t\t\t\t<div class=\"elementor-widget-container\">\n\t\t\t\t\t\t\t<div class=\"elementor-spacer\">\n\t\t\t<div class=\"elementor-spacer-inner\"><\/div>\n\t\t<\/div>\n\t\t\t\t\t\t<\/div>\n\t\t\t\t<\/div>\n\t\t\t\t\t<\/div>\n\t\t<\/div>\n\t\t\t\t\t<\/div>\n\t\t<\/section>\n\t\t\t\t<section class=\"elementor-section elementor-top-section elementor-element elementor-element-83f6db5 elementor-section-boxed elementor-section-height-default elementor-section-height-default\" data-id=\"83f6db5\" data-element_type=\"section\">\n\t\t\t\t\t\t<div class=\"elementor-container elementor-column-gap-default\">\n\t\t\t\t\t<div class=\"elementor-column elementor-col-50 elementor-top-column elementor-element elementor-element-1a9f37c\" data-id=\"1a9f37c\" data-element_type=\"column\">\n\t\t\t<div class=\"elementor-widget-wrap elementor-element-populated\">\n\t\t\t\t\t\t<div class=\"elementor-element elementor-element-d6aedee elementor-widget elementor-widget-text-editor\" data-id=\"d6aedee\" data-element_type=\"widget\" data-widget_type=\"text-editor.default\">\n\t\t\t\t<div class=\"elementor-widget-container\">\n\t\t\t\t\t\t\t\t\t<p><span style=\"text-align: center; color: #000000; font-size: 0.95em; letter-spacing: -0.028em;\">5.- !Y listo! En todo momento podr\u00e1s modificar la informaci\u00f3n sobre tu evento.<\/span><\/p>\n\t\t\t\t\t\t\t\t<\/div>\n\t\t\t\t<\/div>\n\t\t\t\t\t<\/div>\n\t\t<\/div>\n\t\t\t\t<div class=\"elementor-column elementor-col-50 elementor-top-column elementor-element elementor-element-252c6d4\" data-id=\"252c6d4\" data-element_type=\"column\">\n\t\t\t<div class=\"elementor-widget-wrap elementor-element-populated\">\n\t\t\t\t\t\t<div class=\"elementor-element elementor-element-44534a6 elementor-widget elementor-widget-text-editor\" data-id=\"44534a6\" data-element_type=\"widget\" data-widget_type=\"text-editor.default\">\n\t\t\t\t<div class=\"elementor-widget-container\">\n\t\t\t\t\t\t\t\t\t<p>!Bravo! !As\u00ed se ver\u00e1 tu evento una vez est\u00e9 publicado!<\/p>\n\t\t\t\t\t\t\t\t<\/div>\n\t\t\t\t<\/div>\n\t\t\t\t\t<\/div>\n\t\t<\/div>\n\t\t\t\t\t<\/div>\n\t\t<\/section>\n\t\t\t\t<section class=\"elementor-section elementor-top-section elementor-element elementor-element-ac87501 elementor-section-boxed elementor-section-height-default elementor-section-height-default\" data-id=\"ac87501\" data-element_type=\"section\">\n\t\t\t\t\t\t<div class=\"elementor-container elementor-column-gap-default\">\n\t\t\t\t\t<div class=\"elementor-column elementor-col-50 elementor-top-column elementor-element elementor-element-f887f7b\" data-id=\"f887f7b\" data-element_type=\"column\">\n\t\t\t<div class=\"elementor-widget-wrap elementor-element-populated\">\n\t\t\t\t\t\t<div class=\"elementor-element elementor-element-54fe36f elementor-widget elementor-widget-image\" data-id=\"54fe36f\" data-element_type=\"widget\" data-widget_type=\"image.default\">\n\t\t\t\t<div class=\"elementor-widget-container\">\n\t\t\t\t\t\t\t\t\t\t\t\t\t\t\t<img loading=\"lazy\" decoding=\"async\" width=\"768\" height=\"1024\" src=\"https:\/\/tin-tonton.com\/wp-content\/uploads\/2020\/12\/IMG_2233-768x1024.jpg\" class=\"attachment-large size-large wp-image-2792\" alt=\"\" srcset=\"https:\/\/tin-tonton.com\/wp-content\/uploads\/2020\/12\/IMG_2233-768x1025.jpg 768w, https:\/\/tin-tonton.com\/wp-content\/uploads\/2020\/12\/IMG_2233-225x300.jpg 225w, https:\/\/tin-tonton.com\/wp-content\/uploads\/2020\/12\/IMG_2233-1151x1536.jpg 1151w, https:\/\/tin-tonton.com\/wp-content\/uploads\/2020\/12\/IMG_2233-1535x2048.jpg 1535w, https:\/\/tin-tonton.com\/wp-content\/uploads\/2020\/12\/IMG_2233-457x610.jpg 457w, https:\/\/tin-tonton.com\/wp-content\/uploads\/2020\/12\/IMG_2233-scaled.jpg 1919w\" sizes=\"(max-width: 768px) 100vw, 768px\" \/>\t\t\t\t\t\t\t\t\t\t\t\t\t\t\t<\/div>\n\t\t\t\t<\/div>\n\t\t\t\t\t<\/div>\n\t\t<\/div>\n\t\t\t\t<div class=\"elementor-column elementor-col-50 elementor-top-column elementor-element elementor-element-5243dc2\" data-id=\"5243dc2\" data-element_type=\"column\">\n\t\t\t<div class=\"elementor-widget-wrap elementor-element-populated\">\n\t\t\t\t\t\t<div class=\"elementor-element elementor-element-4ff7ae0 elementor-widget elementor-widget-image\" data-id=\"4ff7ae0\" data-element_type=\"widget\" data-widget_type=\"image.default\">\n\t\t\t\t<div class=\"elementor-widget-container\">\n\t\t\t\t\t\t\t\t\t\t\t\t\t\t\t<img loading=\"lazy\" decoding=\"async\" width=\"768\" height=\"1024\" src=\"https:\/\/tin-tonton.com\/wp-content\/uploads\/2020\/12\/IMG_2234-768x1024.jpg\" class=\"attachment-large size-large wp-image-2789\" alt=\"\" srcset=\"https:\/\/tin-tonton.com\/wp-content\/uploads\/2020\/12\/IMG_2234-768x1025.jpg 768w, https:\/\/tin-tonton.com\/wp-content\/uploads\/2020\/12\/IMG_2234-225x300.jpg 225w, https:\/\/tin-tonton.com\/wp-content\/uploads\/2020\/12\/IMG_2234-1151x1536.jpg 1151w, https:\/\/tin-tonton.com\/wp-content\/uploads\/2020\/12\/IMG_2234-1535x2048.jpg 1535w, https:\/\/tin-tonton.com\/wp-content\/uploads\/2020\/12\/IMG_2234-457x610.jpg 457w, https:\/\/tin-tonton.com\/wp-content\/uploads\/2020\/12\/IMG_2234-scaled.jpg 1919w\" sizes=\"(max-width: 768px) 100vw, 768px\" \/>\t\t\t\t\t\t\t\t\t\t\t\t\t\t\t<\/div>\n\t\t\t\t<\/div>\n\t\t\t\t\t<\/div>\n\t\t<\/div>\n\t\t\t\t\t<\/div>\n\t\t<\/section>\n\t\t\t\t<section class=\"elementor-section elementor-top-section elementor-element elementor-element-e2ba0b5 elementor-section-boxed elementor-section-height-default elementor-section-height-default\" data-id=\"e2ba0b5\" data-element_type=\"section\">\n\t\t\t\t\t\t<div class=\"elementor-container elementor-column-gap-default\">\n\t\t\t\t\t<div class=\"elementor-column elementor-col-50 elementor-top-column elementor-element elementor-element-ab87658\" data-id=\"ab87658\" data-element_type=\"column\">\n\t\t\t<div class=\"elementor-widget-wrap elementor-element-populated\">\n\t\t\t\t\t\t<div class=\"elementor-element elementor-element-675e270 elementor-widget elementor-widget-image\" data-id=\"675e270\" data-element_type=\"widget\" data-widget_type=\"image.default\">\n\t\t\t\t<div class=\"elementor-widget-container\">\n\t\t\t\t\t\t\t\t\t\t\t\t\t\t\t\t<a href=\"https:\/\/tin-tonton.com\/es\/crea-una-cuenta-de-vendedor\/\">\n\t\t\t\t\t\t\t<img loading=\"lazy\" decoding=\"async\" width=\"980\" height=\"654\" src=\"https:\/\/tin-tonton.com\/wp-content\/uploads\/2020\/12\/IMG_3908-1024x683.jpg\" class=\"attachment-large size-large wp-image-2843\" alt=\"\" srcset=\"https:\/\/tin-tonton.com\/wp-content\/uploads\/2020\/12\/IMG_3908-1024x683.jpg 1024w, https:\/\/tin-tonton.com\/wp-content\/uploads\/2020\/12\/IMG_3908-300x200.jpg 300w, https:\/\/tin-tonton.com\/wp-content\/uploads\/2020\/12\/IMG_3908-768x512.jpg 768w, https:\/\/tin-tonton.com\/wp-content\/uploads\/2020\/12\/IMG_3908-1536x1024.jpg 1536w, https:\/\/tin-tonton.com\/wp-content\/uploads\/2020\/12\/IMG_3908-2048x1365.jpg 2048w, https:\/\/tin-tonton.com\/wp-content\/uploads\/2020\/12\/IMG_3908-457x305.jpg 457w\" sizes=\"(max-width: 980px) 100vw, 980px\" \/>\t\t\t\t\t\t\t\t<\/a>\n\t\t\t\t\t\t\t\t\t\t\t\t\t\t\t<\/div>\n\t\t\t\t<\/div>\n\t\t\t\t\t<\/div>\n\t\t<\/div>\n\t\t\t\t<div class=\"elementor-column elementor-col-50 elementor-top-column elementor-element elementor-element-31afebb\" data-id=\"31afebb\" data-element_type=\"column\">\n\t\t\t<div class=\"elementor-widget-wrap elementor-element-populated\">\n\t\t\t\t\t\t<div class=\"elementor-element elementor-element-ee53595 elementor-widget elementor-widget-image\" data-id=\"ee53595\" data-element_type=\"widget\" data-widget_type=\"image.default\">\n\t\t\t\t<div class=\"elementor-widget-container\">\n\t\t\t\t\t\t\t\t\t\t\t\t\t\t\t<img loading=\"lazy\" decoding=\"async\" width=\"980\" height=\"686\" src=\"https:\/\/tin-tonton.com\/wp-content\/uploads\/2020\/12\/IMG_2235-scaled-e1608564568409-1024x717.jpg\" class=\"attachment-large size-large wp-image-2786\" alt=\"\" srcset=\"https:\/\/tin-tonton.com\/wp-content\/uploads\/2020\/12\/IMG_2235-scaled-e1608564568409-1024x717.jpg 1024w, https:\/\/tin-tonton.com\/wp-content\/uploads\/2020\/12\/IMG_2235-scaled-e1608564568409-300x210.jpg 300w, https:\/\/tin-tonton.com\/wp-content\/uploads\/2020\/12\/IMG_2235-scaled-e1608564568409-768x538.jpg 768w, https:\/\/tin-tonton.com\/wp-content\/uploads\/2020\/12\/IMG_2235-scaled-e1608564568409-1536x1076.jpg 1536w, https:\/\/tin-tonton.com\/wp-content\/uploads\/2020\/12\/IMG_2235-scaled-e1608564568409-457x320.jpg 457w, https:\/\/tin-tonton.com\/wp-content\/uploads\/2020\/12\/IMG_2235-scaled-e1608564568409.jpg 1919w\" sizes=\"(max-width: 980px) 100vw, 980px\" \/>\t\t\t\t\t\t\t\t\t\t\t\t\t\t\t<\/div>\n\t\t\t\t<\/div>\n\t\t\t\t\t<\/div>\n\t\t<\/div>\n\t\t\t\t\t<\/div>\n\t\t<\/section>\n\t\t\t\t<section class=\"elementor-section elementor-top-section elementor-element elementor-element-10eb954 elementor-section-boxed elementor-section-height-default elementor-section-height-default\" data-id=\"10eb954\" data-element_type=\"section\">\n\t\t\t\t\t\t<div class=\"elementor-container elementor-column-gap-default\">\n\t\t\t\t\t<div class=\"elementor-column elementor-col-50 elementor-top-column elementor-element elementor-element-8b1b819\" data-id=\"8b1b819\" data-element_type=\"column\">\n\t\t\t<div class=\"elementor-widget-wrap elementor-element-populated\">\n\t\t\t\t\t\t<div class=\"elementor-element elementor-element-66af98f elementor-align-center elementor-widget elementor-widget-button\" data-id=\"66af98f\" data-element_type=\"widget\" data-widget_type=\"button.default\">\n\t\t\t\t<div class=\"elementor-widget-container\">\n\t\t\t\t\t\t\t\t\t<div class=\"elementor-button-wrapper\">\n\t\t\t\t\t<a class=\"elementor-button elementor-button-link elementor-size-sm\" href=\"https:\/\/tin-tonton.com\/es\/crea-una-cuenta-de-vendedor\/\">\n\t\t\t\t\t\t<span class=\"elementor-button-content-wrapper\">\n\t\t\t\t\t\t<span class=\"elementor-button-icon\">\n\t\t\t\t<i aria-hidden=\"true\" class=\"far fa-hand-point-right\"><\/i>\t\t\t<\/span>\n\t\t\t\t\t\t\t\t\t<span class=\"elementor-button-text\">!Crea una cuenta GRATUITA de vendedor!<\/span>\n\t\t\t\t\t<\/span>\n\t\t\t\t\t<\/a>\n\t\t\t\t<\/div>\n\t\t\t\t\t\t\t\t<\/div>\n\t\t\t\t<\/div>\n\t\t\t\t\t<\/div>\n\t\t<\/div>\n\t\t\t\t<div class=\"elementor-column elementor-col-50 elementor-top-column elementor-element elementor-element-27d5df9\" data-id=\"27d5df9\" data-element_type=\"column\">\n\t\t\t<div class=\"elementor-widget-wrap\">\n\t\t\t\t\t\t\t<\/div>\n\t\t<\/div>\n\t\t\t\t\t<\/div>\n\t\t<\/section>\n\t\t\t\t<\/div>\n\t\t","protected":false},"excerpt":{"rendered":"<p>1.- Crea una CUENTA DE VENDEDOR GRATUITA en menos de 2 minutos. ac\u00e1 te explicamos c\u00f3mo 2.- Haz click en \u00abAgregar evento\u00bb. 3.- Completa el formulario con informaci\u00f3n relevante sobre tu evento (por ejemplo: fecha, lugar, hora, fotos, descripci\u00f3n, precio de los tickets, tipos de tickets, etc&#8230;) 4.- Integra tu plataforma preferida de Streasming (en [&hellip;]<\/p>\n","protected":false},"author":1,"featured_media":0,"parent":0,"menu_order":0,"comment_status":"closed","ping_status":"closed","template":"","meta":{"footnotes":""},"class_list":["post-2066","page","type-page","status-publish","hentry"],"_links":{"self":[{"href":"https:\/\/tin-tonton.com\/es\/wp-json\/wp\/v2\/pages\/2066","targetHints":{"allow":["GET"]}}],"collection":[{"href":"https:\/\/tin-tonton.com\/es\/wp-json\/wp\/v2\/pages"}],"about":[{"href":"https:\/\/tin-tonton.com\/es\/wp-json\/wp\/v2\/types\/page"}],"author":[{"embeddable":true,"href":"https:\/\/tin-tonton.com\/es\/wp-json\/wp\/v2\/users\/1"}],"replies":[{"embeddable":true,"href":"https:\/\/tin-tonton.com\/es\/wp-json\/wp\/v2\/comments?post=2066"}],"version-history":[{"count":10,"href":"https:\/\/tin-tonton.com\/es\/wp-json\/wp\/v2\/pages\/2066\/revisions"}],"predecessor-version":[{"id":4586,"href":"https:\/\/tin-tonton.com\/es\/wp-json\/wp\/v2\/pages\/2066\/revisions\/4586"}],"wp:attachment":[{"href":"https:\/\/tin-tonton.com\/es\/wp-json\/wp\/v2\/media?parent=2066"}],"curies":[{"name":"wp","href":"https:\/\/api.w.org\/{rel}","templated":true}]}}