{"id":2063,"date":"2020-12-29T16:53:57","date_gmt":"2020-12-29T15:53:57","guid":{"rendered":"https:\/\/tin-tonton.com\/?page_id=2063"},"modified":"2021-01-27T10:52:01","modified_gmt":"2021-01-27T09:52:01","slug":"vende-tus-partituras","status":"publish","type":"page","link":"https:\/\/tin-tonton.com\/es\/vende-tus-partituras\/","title":{"rendered":"!Vende tus partituras!"},"content":{"rendered":"\t\t<div data-elementor-type=\"wp-page\" data-elementor-id=\"2063\" class=\"elementor elementor-2063 elementor-1172\">\n\t\t\t\t\t\t<section class=\"elementor-section elementor-top-section elementor-element elementor-element-a6cadec elementor-section-boxed elementor-section-height-default elementor-section-height-default\" data-id=\"a6cadec\" data-element_type=\"section\">\n\t\t\t\t\t\t<div class=\"elementor-container elementor-column-gap-default\">\n\t\t\t\t\t<div class=\"elementor-column elementor-col-100 elementor-top-column elementor-element elementor-element-db759e6\" data-id=\"db759e6\" data-element_type=\"column\">\n\t\t\t<div class=\"elementor-widget-wrap elementor-element-populated\">\n\t\t\t\t\t\t<div class=\"elementor-element elementor-element-99cf41b elementor-widget elementor-widget-spacer\" data-id=\"99cf41b\" data-element_type=\"widget\" data-widget_type=\"spacer.default\">\n\t\t\t\t<div class=\"elementor-widget-container\">\n\t\t\t\t\t\t\t<div class=\"elementor-spacer\">\n\t\t\t<div class=\"elementor-spacer-inner\"><\/div>\n\t\t<\/div>\n\t\t\t\t\t\t<\/div>\n\t\t\t\t<\/div>\n\t\t\t\t\t<\/div>\n\t\t<\/div>\n\t\t\t\t\t<\/div>\n\t\t<\/section>\n\t\t\t\t<section class=\"elementor-section elementor-top-section elementor-element elementor-element-51a963f elementor-section-boxed elementor-section-height-default elementor-section-height-default\" data-id=\"51a963f\" data-element_type=\"section\">\n\t\t\t\t\t\t<div class=\"elementor-container elementor-column-gap-default\">\n\t\t\t\t\t<div class=\"elementor-column elementor-col-50 elementor-top-column elementor-element elementor-element-73e4c81\" data-id=\"73e4c81\" data-element_type=\"column\">\n\t\t\t<div class=\"elementor-widget-wrap elementor-element-populated\">\n\t\t\t\t\t\t<div class=\"elementor-element elementor-element-8299554 elementor-widget elementor-widget-text-editor\" data-id=\"8299554\" data-element_type=\"widget\" data-widget_type=\"text-editor.default\">\n\t\t\t\t<div class=\"elementor-widget-container\">\n\t\t\t\t\t\t\t\t\t<p>1.- Crea una CUENTA DE VENDEDOR GRATUITA en menos de 2 minutos.<\/p>\n<p>\n            <a href=\"https:\/\/tin-tonton.com\/es\/crea-una-cuenta-de-vendedor\/\"><br \/>\n              <i><br \/>\n                <u>ac\u00e1 te explicamos c\u00f3mo<\/u><br \/>\n              <\/i><br \/>\n            <\/a>\n          <\/p>\n\t\t\t\t\t\t\t\t<\/div>\n\t\t\t\t<\/div>\n\t\t\t\t\t<\/div>\n\t\t<\/div>\n\t\t\t\t<div class=\"elementor-column elementor-col-50 elementor-top-column elementor-element elementor-element-04b64ae\" data-id=\"04b64ae\" data-element_type=\"column\">\n\t\t\t<div class=\"elementor-widget-wrap elementor-element-populated\">\n\t\t\t\t\t\t<div class=\"elementor-element elementor-element-09f7e20 elementor-widget elementor-widget-text-editor\" data-id=\"09f7e20\" data-element_type=\"widget\" data-widget_type=\"text-editor.default\">\n\t\t\t\t<div class=\"elementor-widget-container\">\n\t\t\t\t\t\t\t\t\t<p style=\"caret-color: #000000; color: #000000; font-size: 17.600000381469727px; text-align: center; font-family: -webkit-standard; letter-spacing: normal;\">2.- Haz click en \u00abAgregar Partituras \/ Accesorios<\/p>\t\t\t\t\t\t\t\t<\/div>\n\t\t\t\t<\/div>\n\t\t\t\t\t<\/div>\n\t\t<\/div>\n\t\t\t\t\t<\/div>\n\t\t<\/section>\n\t\t\t\t<section class=\"elementor-section elementor-top-section elementor-element elementor-element-4c229ca elementor-section-boxed elementor-section-height-default elementor-section-height-default\" data-id=\"4c229ca\" data-element_type=\"section\">\n\t\t\t\t\t\t<div class=\"elementor-container elementor-column-gap-default\">\n\t\t\t\t\t<div class=\"elementor-column elementor-col-50 elementor-top-column elementor-element elementor-element-cc67094\" data-id=\"cc67094\" data-element_type=\"column\">\n\t\t\t<div class=\"elementor-widget-wrap elementor-element-populated\">\n\t\t\t\t\t\t<div class=\"elementor-element elementor-element-628a861 elementor-widget elementor-widget-image\" data-id=\"628a861\" data-element_type=\"widget\" data-widget_type=\"image.default\">\n\t\t\t\t<div class=\"elementor-widget-container\">\n\t\t\t\t\t\t\t\t\t\t\t\t\t\t\t<img fetchpriority=\"high\" decoding=\"async\" width=\"826\" height=\"1024\" src=\"https:\/\/tin-tonton.com\/wp-content\/uploads\/2020\/12\/IMG_2196-826x1024.jpg\" class=\"attachment-large size-large wp-image-2733\" alt=\"\" srcset=\"https:\/\/tin-tonton.com\/wp-content\/uploads\/2020\/12\/IMG_2196-826x1024.jpg 826w, https:\/\/tin-tonton.com\/wp-content\/uploads\/2020\/12\/IMG_2196-242x300.jpg 242w, https:\/\/tin-tonton.com\/wp-content\/uploads\/2020\/12\/IMG_2196-768x952.jpg 768w, https:\/\/tin-tonton.com\/wp-content\/uploads\/2020\/12\/IMG_2196-1239x1536.jpg 1239w, https:\/\/tin-tonton.com\/wp-content\/uploads\/2020\/12\/IMG_2196-1652x2048.jpg 1652w, https:\/\/tin-tonton.com\/wp-content\/uploads\/2020\/12\/IMG_2196-457x567.jpg 457w, https:\/\/tin-tonton.com\/wp-content\/uploads\/2020\/12\/IMG_2196.jpg 2048w\" sizes=\"(max-width: 826px) 100vw, 826px\" \/>\t\t\t\t\t\t\t\t\t\t\t\t\t\t\t<\/div>\n\t\t\t\t<\/div>\n\t\t\t\t\t<\/div>\n\t\t<\/div>\n\t\t\t\t<div class=\"elementor-column elementor-col-50 elementor-top-column elementor-element elementor-element-8507a74\" data-id=\"8507a74\" data-element_type=\"column\">\n\t\t\t<div class=\"elementor-widget-wrap elementor-element-populated\">\n\t\t\t\t\t\t<div class=\"elementor-element elementor-element-749aa8c elementor-widget elementor-widget-image\" data-id=\"749aa8c\" data-element_type=\"widget\" data-widget_type=\"image.default\">\n\t\t\t\t<div class=\"elementor-widget-container\">\n\t\t\t\t\t\t\t\t\t\t\t\t\t\t\t<img decoding=\"async\" width=\"808\" height=\"1024\" src=\"https:\/\/tin-tonton.com\/wp-content\/uploads\/2021\/01\/Vender-partitura-2-Espanol-1-808x1024.jpg\" class=\"attachment-large size-large wp-image-4513\" alt=\"\" srcset=\"https:\/\/tin-tonton.com\/wp-content\/uploads\/2021\/01\/Vender-partitura-2-Espanol-1-808x1024.jpg 808w, https:\/\/tin-tonton.com\/wp-content\/uploads\/2021\/01\/Vender-partitura-2-Espanol-1-237x300.jpg 237w, https:\/\/tin-tonton.com\/wp-content\/uploads\/2021\/01\/Vender-partitura-2-Espanol-1-768x974.jpg 768w, https:\/\/tin-tonton.com\/wp-content\/uploads\/2021\/01\/Vender-partitura-2-Espanol-1-1212x1536.jpg 1212w, https:\/\/tin-tonton.com\/wp-content\/uploads\/2021\/01\/Vender-partitura-2-Espanol-1-1616x2048.jpg 1616w, https:\/\/tin-tonton.com\/wp-content\/uploads\/2021\/01\/Vender-partitura-2-Espanol-1-457x579.jpg 457w, https:\/\/tin-tonton.com\/wp-content\/uploads\/2021\/01\/Vender-partitura-2-Espanol-1-scaled.jpg 2020w\" sizes=\"(max-width: 808px) 100vw, 808px\" \/>\t\t\t\t\t\t\t\t\t\t\t\t\t\t\t<\/div>\n\t\t\t\t<\/div>\n\t\t\t\t\t<\/div>\n\t\t<\/div>\n\t\t\t\t\t<\/div>\n\t\t<\/section>\n\t\t\t\t<section class=\"elementor-section elementor-top-section elementor-element elementor-element-38a62c9 elementor-section-boxed elementor-section-height-default elementor-section-height-default\" data-id=\"38a62c9\" data-element_type=\"section\">\n\t\t\t\t\t\t<div class=\"elementor-container elementor-column-gap-default\">\n\t\t\t\t\t<div class=\"elementor-column elementor-col-100 elementor-top-column elementor-element elementor-element-2d16616\" data-id=\"2d16616\" data-element_type=\"column\">\n\t\t\t<div class=\"elementor-widget-wrap elementor-element-populated\">\n\t\t\t\t\t\t<div class=\"elementor-element elementor-element-44ee6da elementor-widget elementor-widget-spacer\" data-id=\"44ee6da\" data-element_type=\"widget\" data-widget_type=\"spacer.default\">\n\t\t\t\t<div class=\"elementor-widget-container\">\n\t\t\t\t\t\t\t<div class=\"elementor-spacer\">\n\t\t\t<div class=\"elementor-spacer-inner\"><\/div>\n\t\t<\/div>\n\t\t\t\t\t\t<\/div>\n\t\t\t\t<\/div>\n\t\t\t\t\t<\/div>\n\t\t<\/div>\n\t\t\t\t\t<\/div>\n\t\t<\/section>\n\t\t\t\t<section class=\"elementor-section elementor-top-section elementor-element elementor-element-6e4099e elementor-section-boxed elementor-section-height-default elementor-section-height-default\" data-id=\"6e4099e\" data-element_type=\"section\">\n\t\t\t\t\t\t<div class=\"elementor-container elementor-column-gap-default\">\n\t\t\t\t\t<div class=\"elementor-column elementor-col-50 elementor-top-column elementor-element elementor-element-5809380\" data-id=\"5809380\" data-element_type=\"column\">\n\t\t\t<div class=\"elementor-widget-wrap elementor-element-populated\">\n\t\t\t\t\t\t<div class=\"elementor-element elementor-element-5632c76 elementor-widget elementor-widget-text-editor\" data-id=\"5632c76\" data-element_type=\"widget\" data-widget_type=\"text-editor.default\">\n\t\t\t\t<div class=\"elementor-widget-container\">\n\t\t\t\t\t\t\t\t\t<p>3.- Sube tus partituras y completa el formulario con informaci\u00f3n importante sobre tu obra (por ejemplo: compositor, nivel de la obra, ejemplo de audio, fotos, etc&#8230;)<\/p>\n\t\t\t\t\t\t\t\t<\/div>\n\t\t\t\t<\/div>\n\t\t\t\t\t<\/div>\n\t\t<\/div>\n\t\t\t\t<div class=\"elementor-column elementor-col-50 elementor-top-column elementor-element elementor-element-54e5a9d\" data-id=\"54e5a9d\" data-element_type=\"column\">\n\t\t\t<div class=\"elementor-widget-wrap elementor-element-populated\">\n\t\t\t\t\t\t<div class=\"elementor-element elementor-element-99b59ea elementor-widget elementor-widget-text-editor\" data-id=\"99b59ea\" data-element_type=\"widget\" data-widget_type=\"text-editor.default\">\n\t\t\t\t<div class=\"elementor-widget-container\">\n\t\t\t\t\t\t\t\t\t<p>4.- Establece el precio de venta de tus partituras.<\/p>\n\t\t\t\t\t\t\t\t<\/div>\n\t\t\t\t<\/div>\n\t\t\t\t\t<\/div>\n\t\t<\/div>\n\t\t\t\t\t<\/div>\n\t\t<\/section>\n\t\t\t\t<section class=\"elementor-section elementor-top-section elementor-element elementor-element-614d49b elementor-section-boxed elementor-section-height-default elementor-section-height-default\" data-id=\"614d49b\" data-element_type=\"section\">\n\t\t\t\t\t\t<div class=\"elementor-container elementor-column-gap-default\">\n\t\t\t\t\t<div class=\"elementor-column elementor-col-50 elementor-top-column elementor-element elementor-element-e78e488\" data-id=\"e78e488\" data-element_type=\"column\">\n\t\t\t<div class=\"elementor-widget-wrap elementor-element-populated\">\n\t\t\t\t\t\t<div class=\"elementor-element elementor-element-4c4508e elementor-widget elementor-widget-image\" data-id=\"4c4508e\" data-element_type=\"widget\" data-widget_type=\"image.default\">\n\t\t\t\t<div class=\"elementor-widget-container\">\n\t\t\t\t\t\t\t\t\t\t\t\t\t\t\t<img decoding=\"async\" width=\"781\" height=\"1024\" src=\"https:\/\/tin-tonton.com\/wp-content\/uploads\/2020\/12\/IMG_2239-781x1024.jpg\" class=\"attachment-large size-large wp-image-2745\" alt=\"\" srcset=\"https:\/\/tin-tonton.com\/wp-content\/uploads\/2020\/12\/IMG_2239-781x1024.jpg 781w, https:\/\/tin-tonton.com\/wp-content\/uploads\/2020\/12\/IMG_2239-229x300.jpg 229w, https:\/\/tin-tonton.com\/wp-content\/uploads\/2020\/12\/IMG_2239-768x1007.jpg 768w, https:\/\/tin-tonton.com\/wp-content\/uploads\/2020\/12\/IMG_2239-1172x1536.jpg 1172w, https:\/\/tin-tonton.com\/wp-content\/uploads\/2020\/12\/IMG_2239-1563x2048.jpg 1563w, https:\/\/tin-tonton.com\/wp-content\/uploads\/2020\/12\/IMG_2239-457x599.jpg 457w, https:\/\/tin-tonton.com\/wp-content\/uploads\/2020\/12\/IMG_2239-scaled.jpg 1953w\" sizes=\"(max-width: 781px) 100vw, 781px\" \/>\t\t\t\t\t\t\t\t\t\t\t\t\t\t\t<\/div>\n\t\t\t\t<\/div>\n\t\t\t\t\t<\/div>\n\t\t<\/div>\n\t\t\t\t<div class=\"elementor-column elementor-col-50 elementor-top-column elementor-element elementor-element-2458e2a\" data-id=\"2458e2a\" data-element_type=\"column\">\n\t\t\t<div class=\"elementor-widget-wrap elementor-element-populated\">\n\t\t\t\t\t\t<div class=\"elementor-element elementor-element-6697cc4 elementor-widget elementor-widget-image\" data-id=\"6697cc4\" data-element_type=\"widget\" data-widget_type=\"image.default\">\n\t\t\t\t<div class=\"elementor-widget-container\">\n\t\t\t\t\t\t\t\t\t\t\t\t\t\t\t<img loading=\"lazy\" decoding=\"async\" width=\"781\" height=\"1024\" src=\"https:\/\/tin-tonton.com\/wp-content\/uploads\/2020\/12\/IMG_2240-781x1024.jpg\" class=\"attachment-large size-large wp-image-2742\" alt=\"\" srcset=\"https:\/\/tin-tonton.com\/wp-content\/uploads\/2020\/12\/IMG_2240-781x1024.jpg 781w, https:\/\/tin-tonton.com\/wp-content\/uploads\/2020\/12\/IMG_2240-229x300.jpg 229w, https:\/\/tin-tonton.com\/wp-content\/uploads\/2020\/12\/IMG_2240-768x1007.jpg 768w, https:\/\/tin-tonton.com\/wp-content\/uploads\/2020\/12\/IMG_2240-1172x1536.jpg 1172w, https:\/\/tin-tonton.com\/wp-content\/uploads\/2020\/12\/IMG_2240-1563x2048.jpg 1563w, https:\/\/tin-tonton.com\/wp-content\/uploads\/2020\/12\/IMG_2240-457x599.jpg 457w, https:\/\/tin-tonton.com\/wp-content\/uploads\/2020\/12\/IMG_2240-scaled.jpg 1953w\" sizes=\"(max-width: 781px) 100vw, 781px\" \/>\t\t\t\t\t\t\t\t\t\t\t\t\t\t\t<\/div>\n\t\t\t\t<\/div>\n\t\t\t\t\t<\/div>\n\t\t<\/div>\n\t\t\t\t\t<\/div>\n\t\t<\/section>\n\t\t\t\t<section class=\"elementor-section elementor-top-section elementor-element elementor-element-e091e7c elementor-section-boxed elementor-section-height-default elementor-section-height-default\" data-id=\"e091e7c\" data-element_type=\"section\">\n\t\t\t\t\t\t<div class=\"elementor-container elementor-column-gap-default\">\n\t\t\t\t\t<div class=\"elementor-column elementor-col-100 elementor-top-column elementor-element elementor-element-dc5fbb0\" data-id=\"dc5fbb0\" data-element_type=\"column\">\n\t\t\t<div class=\"elementor-widget-wrap elementor-element-populated\">\n\t\t\t\t\t\t<div class=\"elementor-element elementor-element-38956c0 elementor-widget elementor-widget-spacer\" data-id=\"38956c0\" data-element_type=\"widget\" data-widget_type=\"spacer.default\">\n\t\t\t\t<div class=\"elementor-widget-container\">\n\t\t\t\t\t\t\t<div class=\"elementor-spacer\">\n\t\t\t<div class=\"elementor-spacer-inner\"><\/div>\n\t\t<\/div>\n\t\t\t\t\t\t<\/div>\n\t\t\t\t<\/div>\n\t\t\t\t\t<\/div>\n\t\t<\/div>\n\t\t\t\t\t<\/div>\n\t\t<\/section>\n\t\t\t\t<section class=\"elementor-section elementor-top-section elementor-element elementor-element-8350934 elementor-section-boxed elementor-section-height-default elementor-section-height-default\" data-id=\"8350934\" data-element_type=\"section\">\n\t\t\t\t\t\t<div class=\"elementor-container elementor-column-gap-default\">\n\t\t\t\t\t<div class=\"elementor-column elementor-col-50 elementor-top-column elementor-element elementor-element-971f49c\" data-id=\"971f49c\" data-element_type=\"column\">\n\t\t\t<div class=\"elementor-widget-wrap elementor-element-populated\">\n\t\t\t\t\t\t<div class=\"elementor-element elementor-element-9ff9124 elementor-widget elementor-widget-text-editor\" data-id=\"9ff9124\" data-element_type=\"widget\" data-widget_type=\"text-editor.default\">\n\t\t\t\t<div class=\"elementor-widget-container\">\n\t\t\t\t\t\t\t\t\t<p>\n            <span style=\"font-size: 0.95em; letter-spacing: -0.028em;\">5.- !Y listo! Siempre podr\u00e1s modificar la informaci\u00f3n sobre t\u00fa m\u00fasica o retirarla cuando lo desees<\/span>\n          <\/p>\n\t\t\t\t\t\t\t\t<\/div>\n\t\t\t\t<\/div>\n\t\t\t\t\t<\/div>\n\t\t<\/div>\n\t\t\t\t<div class=\"elementor-column elementor-col-50 elementor-top-column elementor-element elementor-element-bcfc918\" data-id=\"bcfc918\" data-element_type=\"column\">\n\t\t\t<div class=\"elementor-widget-wrap elementor-element-populated\">\n\t\t\t\t\t\t<div class=\"elementor-element elementor-element-2d888c4 elementor-widget elementor-widget-text-editor\" data-id=\"2d888c4\" data-element_type=\"widget\" data-widget_type=\"text-editor.default\">\n\t\t\t\t<div class=\"elementor-widget-container\">\n\t\t\t\t\t\t\t\t\t<p>!Bravo! !As\u00ed se ver\u00e1n tus partituras!<\/p>\n\t\t\t\t\t\t\t\t<\/div>\n\t\t\t\t<\/div>\n\t\t\t\t\t<\/div>\n\t\t<\/div>\n\t\t\t\t\t<\/div>\n\t\t<\/section>\n\t\t\t\t<section class=\"elementor-section elementor-top-section elementor-element elementor-element-2404d76 elementor-section-boxed elementor-section-height-default elementor-section-height-default\" data-id=\"2404d76\" data-element_type=\"section\">\n\t\t\t\t\t\t<div class=\"elementor-container elementor-column-gap-default\">\n\t\t\t\t\t<div class=\"elementor-column elementor-col-50 elementor-top-column elementor-element elementor-element-4b37c60\" data-id=\"4b37c60\" data-element_type=\"column\">\n\t\t\t<div class=\"elementor-widget-wrap elementor-element-populated\">\n\t\t\t\t\t\t<div class=\"elementor-element elementor-element-f93054e elementor-widget elementor-widget-image\" data-id=\"f93054e\" data-element_type=\"widget\" data-widget_type=\"image.default\">\n\t\t\t\t<div class=\"elementor-widget-container\">\n\t\t\t\t\t\t\t\t\t\t\t\t\t\t\t<img loading=\"lazy\" decoding=\"async\" width=\"965\" height=\"1024\" src=\"https:\/\/tin-tonton.com\/wp-content\/uploads\/2020\/12\/IMG_2241-965x1024.jpg\" class=\"attachment-large size-large wp-image-2736\" alt=\"\" srcset=\"https:\/\/tin-tonton.com\/wp-content\/uploads\/2020\/12\/IMG_2241-965x1024.jpg 965w, https:\/\/tin-tonton.com\/wp-content\/uploads\/2020\/12\/IMG_2241-283x300.jpg 283w, https:\/\/tin-tonton.com\/wp-content\/uploads\/2020\/12\/IMG_2241-768x815.jpg 768w, https:\/\/tin-tonton.com\/wp-content\/uploads\/2020\/12\/IMG_2241-1447x1536.jpg 1447w, https:\/\/tin-tonton.com\/wp-content\/uploads\/2020\/12\/IMG_2241-1929x2048.jpg 1929w, https:\/\/tin-tonton.com\/wp-content\/uploads\/2020\/12\/IMG_2241-457x485.jpg 457w, https:\/\/tin-tonton.com\/wp-content\/uploads\/2020\/12\/IMG_2241.jpg 2048w\" sizes=\"(max-width: 965px) 100vw, 965px\" \/>\t\t\t\t\t\t\t\t\t\t\t\t\t\t\t<\/div>\n\t\t\t\t<\/div>\n\t\t\t\t\t<\/div>\n\t\t<\/div>\n\t\t\t\t<div class=\"elementor-column elementor-col-50 elementor-top-column elementor-element elementor-element-5bc7578\" data-id=\"5bc7578\" data-element_type=\"column\">\n\t\t\t<div class=\"elementor-widget-wrap elementor-element-populated\">\n\t\t\t\t\t\t<div class=\"elementor-element elementor-element-c525f76 elementor-widget elementor-widget-image\" data-id=\"c525f76\" data-element_type=\"widget\" data-widget_type=\"image.default\">\n\t\t\t\t<div class=\"elementor-widget-container\">\n\t\t\t\t\t\t\t\t\t\t\t\t\t\t\t<img loading=\"lazy\" decoding=\"async\" width=\"850\" height=\"1024\" src=\"https:\/\/tin-tonton.com\/wp-content\/uploads\/2020\/12\/IMG_2243-scaled-e1608489277597-850x1024.jpg\" class=\"attachment-large size-large wp-image-2739\" alt=\"\" srcset=\"https:\/\/tin-tonton.com\/wp-content\/uploads\/2020\/12\/IMG_2243-scaled-e1608489277597-850x1024.jpg 850w, https:\/\/tin-tonton.com\/wp-content\/uploads\/2020\/12\/IMG_2243-scaled-e1608489277597-249x300.jpg 249w, https:\/\/tin-tonton.com\/wp-content\/uploads\/2020\/12\/IMG_2243-scaled-e1608489277597-768x925.jpg 768w, https:\/\/tin-tonton.com\/wp-content\/uploads\/2020\/12\/IMG_2243-scaled-e1608489277597-1275x1536.jpg 1275w, https:\/\/tin-tonton.com\/wp-content\/uploads\/2020\/12\/IMG_2243-scaled-e1608489277597-1700x2048.jpg 1700w, https:\/\/tin-tonton.com\/wp-content\/uploads\/2020\/12\/IMG_2243-scaled-e1608489277597-457x551.jpg 457w, https:\/\/tin-tonton.com\/wp-content\/uploads\/2020\/12\/IMG_2243-scaled-e1608489277597.jpg 1939w\" sizes=\"(max-width: 850px) 100vw, 850px\" \/>\t\t\t\t\t\t\t\t\t\t\t\t\t\t\t<\/div>\n\t\t\t\t<\/div>\n\t\t\t\t\t<\/div>\n\t\t<\/div>\n\t\t\t\t\t<\/div>\n\t\t<\/section>\n\t\t\t\t<section class=\"elementor-section elementor-top-section elementor-element elementor-element-bc128b2 elementor-section-boxed elementor-section-height-default elementor-section-height-default\" data-id=\"bc128b2\" data-element_type=\"section\">\n\t\t\t\t\t\t<div class=\"elementor-container elementor-column-gap-default\">\n\t\t\t\t\t<div class=\"elementor-column elementor-col-50 elementor-top-column elementor-element elementor-element-3fc2a5f\" data-id=\"3fc2a5f\" data-element_type=\"column\">\n\t\t\t<div class=\"elementor-widget-wrap\">\n\t\t\t\t\t\t\t<\/div>\n\t\t<\/div>\n\t\t\t\t<div class=\"elementor-column elementor-col-50 elementor-top-column elementor-element elementor-element-7fc4048\" data-id=\"7fc4048\" data-element_type=\"column\">\n\t\t\t<div class=\"elementor-widget-wrap elementor-element-populated\">\n\t\t\t\t\t\t<div class=\"elementor-element elementor-element-84cf42a elementor-align-center elementor-widget elementor-widget-button\" data-id=\"84cf42a\" data-element_type=\"widget\" data-widget_type=\"button.default\">\n\t\t\t\t<div class=\"elementor-widget-container\">\n\t\t\t\t\t\t\t\t\t<div class=\"elementor-button-wrapper\">\n\t\t\t\t\t<a class=\"elementor-button elementor-button-link elementor-size-sm\" href=\"https:\/\/tin-tonton.com\/es\/crear-cuenta-de-vendedor\/\">\n\t\t\t\t\t\t<span class=\"elementor-button-content-wrapper\">\n\t\t\t\t\t\t<span class=\"elementor-button-icon\">\n\t\t\t\t<i aria-hidden=\"true\" class=\"far fa-hand-point-right\"><\/i>\t\t\t<\/span>\n\t\t\t\t\t\t\t\t\t<span class=\"elementor-button-text\">!Crea una cuenta GRATUITA de vendedor!<\/span>\n\t\t\t\t\t<\/span>\n\t\t\t\t\t<\/a>\n\t\t\t\t<\/div>\n\t\t\t\t\t\t\t\t<\/div>\n\t\t\t\t<\/div>\n\t\t\t\t\t<\/div>\n\t\t<\/div>\n\t\t\t\t\t<\/div>\n\t\t<\/section>\n\t\t\t\t<\/div>\n\t\t","protected":false},"excerpt":{"rendered":"<p>1.- Crea una CUENTA DE VENDEDOR GRATUITA en menos de 2 minutos. ac\u00e1 te explicamos c\u00f3mo 2.- Haz click en \u00abAgregar Partituras \/ Accesorios 3.- Sube tus partituras y completa el formulario con informaci\u00f3n importante sobre tu obra (por ejemplo: compositor, nivel de la obra, ejemplo de audio, fotos, etc&#8230;) 4.- Establece el precio de [&hellip;]<\/p>\n","protected":false},"author":1,"featured_media":0,"parent":0,"menu_order":0,"comment_status":"closed","ping_status":"closed","template":"","meta":{"footnotes":""},"class_list":["post-2063","page","type-page","status-publish","hentry"],"_links":{"self":[{"href":"https:\/\/tin-tonton.com\/es\/wp-json\/wp\/v2\/pages\/2063","targetHints":{"allow":["GET"]}}],"collection":[{"href":"https:\/\/tin-tonton.com\/es\/wp-json\/wp\/v2\/pages"}],"about":[{"href":"https:\/\/tin-tonton.com\/es\/wp-json\/wp\/v2\/types\/page"}],"author":[{"embeddable":true,"href":"https:\/\/tin-tonton.com\/es\/wp-json\/wp\/v2\/users\/1"}],"replies":[{"embeddable":true,"href":"https:\/\/tin-tonton.com\/es\/wp-json\/wp\/v2\/comments?post=2063"}],"version-history":[{"count":10,"href":"https:\/\/tin-tonton.com\/es\/wp-json\/wp\/v2\/pages\/2063\/revisions"}],"predecessor-version":[{"id":4574,"href":"https:\/\/tin-tonton.com\/es\/wp-json\/wp\/v2\/pages\/2063\/revisions\/4574"}],"wp:attachment":[{"href":"https:\/\/tin-tonton.com\/es\/wp-json\/wp\/v2\/media?parent=2063"}],"curies":[{"name":"wp","href":"https:\/\/api.w.org\/{rel}","templated":true}]}}